{"id":147,"date":"2023-04-03T19:15:16","date_gmt":"2023-04-03T17:15:16","guid":{"rendered":"https:\/\/consnizza.esteri.it\/chi-siamo\/il-console-generale\/"},"modified":"2024-10-04T10:21:36","modified_gmt":"2024-10-04T08:21:36","slug":"il-console-generale","status":"publish","type":"page","link":"https:\/\/consnizza.esteri.it\/fr\/chi-siamo\/il-console-generale\/","title":{"rendered":"Le Consul g\u00e9n\u00e9ral"},"content":{"rendered":"<p><img loading=\"lazy\" decoding=\"async\" class=\"\" src=\"https:\/\/consnizza.esteri.it\/wp-content\/uploads\/2023\/09\/CG-Lolli-Emilio.jpg\" width=\"520\" height=\"693\" \/><\/p>\n<p>Ch\u00e8res compatriotes et chers compatriotes,<\/p>\n<p>Ch\u00e8res amies fran\u00e7aises et chers amis fran\u00e7ais,<\/p>\n<p>Bienvenue sur le site du Consulat G\u00e9n\u00e9ral d\u2019Italie \u00e0 Nice, que j\u2019ai l&rsquo;honneur et le plaisir de diriger depuis le 1er septembre 2023. Comme vous le savez bien, la mission qui m\u2019a \u00e9t\u00e9 confi\u00e9e consiste avant tout \u00e0 assurer une large gamme de services consulaires \u00e0 un niveau qualitatif et quantitatif r\u00e9pondant \u00e0 vos attentes l\u00e9gitimes. Je tiens \u00e0 vous assurer que toute marge d\u2019am\u00e9lioration possible sera toujours soigneusement \u00e9tudi\u00e9e, \u00e9galement sur la base de vos suggestions et de vos propositions, afin de rendre la prestation de ces services toujours plus efficace et adapt\u00e9e \u00e0 vos besoins.<\/p>\n<p>Je suis et je serai ravi de nouer des relations de confiance mutuelle et de collaboration avec toutes ces associations, en premier lieu le Com.It.Es., qui repr\u00e9sentent la communaut\u00e9 italienne de cette Circonscription Consulaire et qui sont porteuses de ses demandes et propositions. Je suis fermement convaincu du r\u00f4le dynamique et de la vitalit\u00e9 de la communaut\u00e9 : c\u2019est la raison pour laquelle je me r\u00e9jouis d\u00e8s \u00e0 pr\u00e9sent, et tout au long de mon mandat, de ressembler et, si possible, de suivre tous les stimulations qui me parviendront dans ce sens. J\u2019ai l&rsquo;intention de faire en sorte que le prestigieux si\u00e8ge du Consulat G\u00e9n\u00e9ral redevienne, surtout une fois termin\u00e9s les travaux de r\u00e9novation pr\u00e9vus, ce lieu de rencontre et d\u2019\u00e9change qui, au fil des d\u00e9cennies, en a fait la \u00ab\u00a0maison\u00a0\u00bb des Italiens et de l\u2019Amiti\u00e9 italo-fran\u00e7aise.<\/p>\n<p>J\u2019interpr\u00e8te \u00e9galement ma fonction comme celle d&rsquo;un pont entre l\u2019Italie et le Sud-Est de la France, en particulier dans une ville comme Nice qui \u2013 de l\u2019amiti\u00e9 et de l\u2019histoire mill\u00e9naire partag\u00e9e entre les deux pays, aujourd\u2019hui aussi dans le cadre plus large de l\u2019Union Europ\u00e9enne &#8211; repr\u00e9sente \u00e9videmment l\u2019un des symboles les plus \u00e9loquents et l\u2019une des forces motrices les plus dynamiques.<\/p>\n<p>Enfin, je souhaite \u00e0 tous une bonne \u00ab navigation \u00bb sur ce site, en esp\u00e9rant que celui-ci, avec les autres canaux de communication disponibles, puisse constituer une fen\u00eatre de dialogue constamment ouverte au service de la communaut\u00e9.<\/p>\n<p style=\"text-align: right;\">Emilio Lolli Ceroni<\/p>\n","protected":false},"excerpt":{"rendered":"Ch\u00e8res compatriotes et chers compatriotes, Ch\u00e8res amies fran\u00e7aises et chers amis fran\u00e7ais, Bienvenue sur le site du Consulat G\u00e9n\u00e9ral d\u2019Italie \u00e0 Nice, que j\u2019ai l&rsquo;honneur et le plaisir de diriger depuis le 1er septembre 2023. Comme vous le savez bien, la mission qui m\u2019a \u00e9t\u00e9 confi\u00e9e consiste avant tout \u00e0 assurer une large gamme de [&hellip;]","protected":false},"author":1,"featured_media":0,"parent":146,"menu_order":0,"comment_status":"closed","ping_status":"closed","template":"","meta":{"footnotes":""},"class_list":["post-147","page","type-page","status-publish","hentry"],"_links":{"self":[{"href":"https:\/\/consnizza.esteri.it\/fr\/wp-json\/wp\/v2\/pages\/147","targetHints":{"allow":["GET"]}}],"collection":[{"href":"https:\/\/consnizza.esteri.it\/fr\/wp-json\/wp\/v2\/pages"}],"about":[{"href":"https:\/\/consnizza.esteri.it\/fr\/wp-json\/wp\/v2\/types\/page"}],"author":[{"embeddable":true,"href":"https:\/\/consnizza.esteri.it\/fr\/wp-json\/wp\/v2\/users\/1"}],"replies":[{"embeddable":true,"href":"https:\/\/consnizza.esteri.it\/fr\/wp-json\/wp\/v2\/comments?post=147"}],"version-history":[{"count":6,"href":"https:\/\/consnizza.esteri.it\/fr\/wp-json\/wp\/v2\/pages\/147\/revisions"}],"predecessor-version":[{"id":1909,"href":"https:\/\/consnizza.esteri.it\/fr\/wp-json\/wp\/v2\/pages\/147\/revisions\/1909"}],"up":[{"embeddable":true,"href":"https:\/\/consnizza.esteri.it\/fr\/wp-json\/wp\/v2\/pages\/146"}],"wp:attachment":[{"href":"https:\/\/consnizza.esteri.it\/fr\/wp-json\/wp\/v2\/media?parent=147"}],"curies":[{"name":"wp","href":"https:\/\/api.w.org\/{rel}","templated":true}]}}