{"id":151,"date":"2023-04-03T19:16:15","date_gmt":"2023-04-03T17:16:15","guid":{"rendered":"https:\/\/consnizza.esteri.it\/chi-siamo\/numeri-di-emergenza\/"},"modified":"2023-09-12T14:59:31","modified_gmt":"2023-09-12T12:59:31","slug":"numeri-di-emergenza","status":"publish","type":"page","link":"https:\/\/consnizza.esteri.it\/fr\/chi-siamo\/numeri-di-emergenza\/","title":{"rendered":"Num\u00e9ros d&rsquo;urgence"},"content":{"rendered":"<p>En cas de d\u00e9c\u00e8s, d&rsquo;accident grave ou d&rsquo;autres faits pr\u00e9sentant des risques pour la sant\u00e9 ou une situation de danger pour la s\u00e9curit\u00e9 personnelle des citoyens italiens \u00e0 l&rsquo;\u00e9tranger et n\u00e9cessitant une intervention urgente des autorit\u00e9s consulaires, appeler le num\u00e9ro suivant : 0033 (0)6 03 69 03 57 de 18 \u00e0 22 heures les jours ouvrables et de 9 \u00e0 22 heures les jours f\u00e9ri\u00e9s.<\/p>\n<p><strong>NUMERO D&rsquo;ASTREINTE DU MINIST\u00c8RE DES AFFAIRES \u00c9TRANG\u00c8RES ET DE LA COOP\u00c9RATION INTERNATIONALE : T\u00e9l. 0039 06 3691 2666<\/strong><\/p>\n","protected":false},"excerpt":{"rendered":"En cas de d\u00e9c\u00e8s, d&rsquo;accident grave ou d&rsquo;autres faits pr\u00e9sentant des risques pour la sant\u00e9 ou une situation de danger pour la s\u00e9curit\u00e9 personnelle des citoyens italiens \u00e0 l&rsquo;\u00e9tranger et n\u00e9cessitant une intervention urgente des autorit\u00e9s consulaires, appeler le num\u00e9ro suivant : 0033 (0)6 03 69 03 57 de 18 \u00e0 22 heures les jours [&hellip;]","protected":false},"author":1,"featured_media":0,"parent":146,"menu_order":10,"comment_status":"closed","ping_status":"closed","template":"","meta":{"footnotes":""},"class_list":["post-151","page","type-page","status-publish","hentry"],"_links":{"self":[{"href":"https:\/\/consnizza.esteri.it\/fr\/wp-json\/wp\/v2\/pages\/151","targetHints":{"allow":["GET"]}}],"collection":[{"href":"https:\/\/consnizza.esteri.it\/fr\/wp-json\/wp\/v2\/pages"}],"about":[{"href":"https:\/\/consnizza.esteri.it\/fr\/wp-json\/wp\/v2\/types\/page"}],"author":[{"embeddable":true,"href":"https:\/\/consnizza.esteri.it\/fr\/wp-json\/wp\/v2\/users\/1"}],"replies":[{"embeddable":true,"href":"https:\/\/consnizza.esteri.it\/fr\/wp-json\/wp\/v2\/comments?post=151"}],"version-history":[{"count":3,"href":"https:\/\/consnizza.esteri.it\/fr\/wp-json\/wp\/v2\/pages\/151\/revisions"}],"predecessor-version":[{"id":1077,"href":"https:\/\/consnizza.esteri.it\/fr\/wp-json\/wp\/v2\/pages\/151\/revisions\/1077"}],"up":[{"embeddable":true,"href":"https:\/\/consnizza.esteri.it\/fr\/wp-json\/wp\/v2\/pages\/146"}],"wp:attachment":[{"href":"https:\/\/consnizza.esteri.it\/fr\/wp-json\/wp\/v2\/media?parent=151"}],"curies":[{"name":"wp","href":"https:\/\/api.w.org\/{rel}","templated":true}]}}