{"id":179,"date":"2023-04-03T19:19:57","date_gmt":"2023-04-03T17:19:57","guid":{"rendered":"https:\/\/consnizza.esteri.it\/dal_consolato\/"},"modified":"2023-07-12T09:27:10","modified_gmt":"2023-07-12T07:27:10","slug":"dal_consolato","status":"publish","type":"page","link":"https:\/\/consnizza.esteri.it\/fr\/news\/dal_consolato\/","title":{"rendered":"Du Consulat"},"content":{"rendered":"        <div class=\"row\">\n\t\t\t<!-- Ricerca sedi post -->\n\t\t\t<div class=\"col-12 mt-4\">\n\t\t\t  <div class=\"callout callout-highlight note ricerca-esteri p-4\">\n                    <div class=\"callout-title\">\n                        <svg class=\"icon\">\n                            <use xlink:href=\"https:\/\/consnizza.esteri.it\/wp-content\/themes\/sedi-tema\/assets\/svg\/sprites.svg#it-search\"><\/use>\n                        <\/svg>Entrez vos param\u00e8tres de recherche                    <\/div>\n                    <form id=\"searchFormPost\" name=\"form-search-post\" class=\"form-row align-items-center\" action=\"https:\/\/consnizza.esteri.it\/fr\/wp-json\/wp\/v2\/pages\/179\/\" method=\"GET\"> \n                        <!-- <div class=\"form-group pt-5\"> -->\n                            <!-- <input type=\"hidden\" id=\"lang\" name=\"lang\" value=\"\"> --> <!-- <\/div> -->\n\n                        <div class=\"it-datepicker-wrapper\">\n                            <div class=\"row\">\n                                <div class=\"form-group col-md-6\">\n                                    <label class=\"active\" for=\"date-init\">Du<\/label>\n                                    <input class=\"form-control\" name=\"date-init\" id=\"date-init\" type=\"date\" placeholder=\"gg\/mm\/aaaa\" value=\"\"lang=\"en-EN\">  \n                                <\/div>\n                                <div class=\"form-group col-md-6\">\n                                    <label class=\"active\" for=\"date-end\">Au<\/label>\n                                    <input class=\"form-control\" name=\"date-end\" id=\"date-end\" type=\"date\" placeholder=\"gg\/mm\/aaaa\" value=\"\">\n                                <\/div>\n                            <\/div>\n                        <\/div>\n                        <div class=\"form-group col-md-12 mt-3\">\n                            <label for=\"searchText\">Champ de recherche gratuit<\/label>\n                            <input type=\"text\" name=\"searchText\" class=\"form-control\" id=\"searchText\" value=\"\">\n                        <\/div>\n                        <div class=\"form-group col-md-4 offset-md-8 text-end\">\n                            <a href=\"https:\/\/consnizza.esteri.it\/fr\/news\/dal_consolato\/\" title=\"Form reset\" id=\"resetImput\" class=\"btn btn-outline-primary btn-xs\">Reset<\/a>\n                            <button type=\"submit\" class=\"btn btn-primary btn-xs\">Montrer les r\u00e9sultats<\/button>\n                        <\/div>\n                    <\/form>\n\t\t\t\t<\/div>\n\t\t\t<\/div>\n\t\t<\/div>\n                    \n            <div class=\"row\">\n                            <div class=\"col-12 mt-3\">\n                <!--start card-->\n                <div class=\"card-wrapper card-space\">\n                    <div class=\"card card-bg card-big border-bottom-card\">\n                        <div class=\"card-body \">\n                                                        <div class=\"category-top\">\n                                                                                                            <span class=\"\">\n                                        <svg class=\"icon icon-secondary\">\n                                            <use xlink:href=\"https:\/\/consnizza.esteri.it\/wp-content\/themes\/sedi-tema\/assets\/svg\/sprites.svg#it-calendar\"><\/use>\n                                        <\/svg> 11 septembre 2023                                    <\/span>\n                                                                    <\/div>\n                            <h5 class=\"card-title big-heading text-uppercase\"><a class=\"text-body text-decoration-none\" href=\"https:\/\/consnizza.esteri.it\/fr\/news\/dal_consolato\/2023\/09\/message-du-nouveau-consul-general-emilio-lolli\/\" title=\"Message du nouveau Consul G\u00e9n\u00e9ral Emilio Lolli\">Message du nouveau Consul G\u00e9n\u00e9ral Emilio Lolli<\/a><\/h5>\n                            <p class=\"card-text\">Ch\u00e8res compatriotes et chers compatriotes, Ch\u00e8res amies fran\u00e7aises et chers amis fran\u00e7ais, Bienvenue sur le site du Consulat G\u00e9n\u00e9ral d\u2019Italie \u00e0 Nice, que j\u2019ai l&rsquo;honneur et le plaisir de diriger depuis le 1er septembre 2023. Comme vous le savez bien, la mission qui m\u2019a \u00e9t\u00e9 confi\u00e9e consiste avant tout \u00e0 assurer une large gamme de [&hellip;]<\/p>\n                                <a title=\"Message du nouveau Consul G\u00e9n\u00e9ral Emilio Lolli\" class=\"read-more\" href=\"https:\/\/consnizza.esteri.it\/fr\/news\/dal_consolato\/2023\/09\/message-du-nouveau-consul-general-emilio-lolli\/\">\n                                    <span class=\"text\">Lire la suite<\/span>\n                                    <svg class=\"icon\">\n                                    <use xlink:href=\"https:\/\/consnizza.esteri.it\/wp-content\/themes\/sedi-tema\/assets\/svg\/sprites.svg#it-arrow-right\"><\/use>\n                                    <\/svg>\n                                <\/a>\n                                                    <\/div>\n                    <\/div>\n                <\/div>\n                <!--end card-->\n                <\/div><!-- col-12 .mt-3-->\n                            <div class=\"col-12 mt-3\">\n                <!--start card-->\n                <div class=\"card-wrapper card-space\">\n                    <div class=\"card card-bg card-big border-bottom-card\">\n                        <div class=\"card-body \">\n                                                        <div class=\"category-top\">\n                                                                                                            <span class=\"\">\n                                        <svg class=\"icon icon-secondary\">\n                                            <use xlink:href=\"https:\/\/consnizza.esteri.it\/wp-content\/themes\/sedi-tema\/assets\/svg\/sprites.svg#it-calendar\"><\/use>\n                                        <\/svg> 4 septembre 2023                                    <\/span>\n                                                                    <\/div>\n                            <h5 class=\"card-title big-heading text-uppercase\"><a class=\"text-body text-decoration-none\" href=\"https:\/\/consnizza.esteri.it\/fr\/news\/dal_consolato\/2023\/09\/gara-in-n-2-lotti-per-l-acquisizione-2\/\" title=\"Appel d\u2019offres, divis\u00e9 en no. 2 lots, pour l\u2019acquisition du service de num\u00e9risation \u00ab\u2009in situ\u2009\u00bb des dossiers consulaires papier conserv\u00e9s dans les archives des Consulats G\u00e9n\u00e9raux d&rsquo;Italie \u00e0 Nice et Marseille\">Appel d\u2019offres, divis\u00e9 en no. 2 lots, pour l\u2019acquisition du service de num\u00e9risation \u00ab\u2009in situ\u2009\u00bb des dossiers consulaires papier conserv\u00e9s dans les archives des Consulats G\u00e9n\u00e9raux d&rsquo;Italie \u00e0 Nice et Marseille<\/a><\/h5>\n                            <p class=\"card-text\">L\u2019appel d\u2019offres pour le service de num\u00e9risation des archives des Consulats G\u00e9n\u00e9raux d&rsquo;Italie \u00e0 Nice et Marseille a \u00e9t\u00e9 publi\u00e9 dans le Journal officiel de l\u2019Union europ\u00e9enne le 4\/9\/2023. La date limite de r\u00e9ception des offres est le 03\/11\/2023 (heure locale 12h30). Les entreprises int\u00e9ress\u00e9es peuvent consulter les documents de l\u2019appel d\u2019offres au lien suivant: [&hellip;]<\/p>\n                                <a title=\"Appel d\u2019offres, divis\u00e9 en no. 2 lots, pour l\u2019acquisition du service de num\u00e9risation \u00ab\u2009in situ\u2009\u00bb des dossiers consulaires papier conserv\u00e9s dans les archives des Consulats G\u00e9n\u00e9raux d&rsquo;Italie \u00e0 Nice et Marseille\" class=\"read-more\" href=\"https:\/\/consnizza.esteri.it\/fr\/news\/dal_consolato\/2023\/09\/gara-in-n-2-lotti-per-l-acquisizione-2\/\">\n                                    <span class=\"text\">Lire la suite<\/span>\n                                    <svg class=\"icon\">\n                                    <use xlink:href=\"https:\/\/consnizza.esteri.it\/wp-content\/themes\/sedi-tema\/assets\/svg\/sprites.svg#it-arrow-right\"><\/use>\n                                    <\/svg>\n                                <\/a>\n                                                    <\/div>\n                    <\/div>\n                <\/div>\n                <!--end card-->\n                <\/div><!-- col-12 .mt-3-->\n                            <div class=\"col-12 mt-3\">\n                <!--start card-->\n                <div class=\"card-wrapper card-space\">\n                    <div class=\"card card-bg card-big border-bottom-card\">\n                        <div class=\"card-body \">\n                                                        <div class=\"category-top\">\n                                                                                                            <span class=\"\">\n                                        <svg class=\"icon icon-secondary\">\n                                            <use xlink:href=\"https:\/\/consnizza.esteri.it\/wp-content\/themes\/sedi-tema\/assets\/svg\/sprites.svg#it-calendar\"><\/use>\n                                        <\/svg> 19 f\u00e9vrier 2021                                    <\/span>\n                                                                    <\/div>\n                            <h5 class=\"card-title big-heading text-uppercase\"><a class=\"text-body text-decoration-none\" href=\"https:\/\/consnizza.esteri.it\/fr\/news\/dal_consolato\/2021\/02\/dante-e-la-diane-francaise-2\/\" title=\"\u00ab\u00a0Dante et La Diane Fran\u00e7aise\u00a0\u00bb\">\u00ab\u00a0Dante et La Diane Fran\u00e7aise\u00a0\u00bb<\/a><\/h5>\n                            <p class=\"card-text\">Le CG d&rsquo;Italie \u00e0 Nice pr\u00e9sente le projet du Comit\u00e9 des Activit\u00e9s Linguistiques et Culturelles Italiennes (Co.ALCIt) de Nice \u00ab\u00a0Dante et La Diane Fran\u00e7aise\u00a0\u00bb, cr\u00e9\u00e9 en collaboration avec la maison d&rsquo;\u00e9dition La Diane Fran\u00e7aise, l&rsquo;Universit\u00e9 des \u00e9trangers de P\u00e9rouse, la Biblioth\u00e8que Romain Gary de Nice, la Biblioth\u00e8que Wren du Trinity College et l&rsquo;Universit\u00e9 de Cambridge, [&hellip;]<\/p>\n                                <a title=\"\u00ab\u00a0Dante et La Diane Fran\u00e7aise\u00a0\u00bb\" class=\"read-more\" href=\"https:\/\/consnizza.esteri.it\/fr\/news\/dal_consolato\/2021\/02\/dante-e-la-diane-francaise-2\/\">\n                                    <span class=\"text\">Lire la suite<\/span>\n                                    <svg class=\"icon\">\n                                    <use xlink:href=\"https:\/\/consnizza.esteri.it\/wp-content\/themes\/sedi-tema\/assets\/svg\/sprites.svg#it-arrow-right\"><\/use>\n                                    <\/svg>\n                                <\/a>\n                                                    <\/div>\n                    <\/div>\n                <\/div>\n                <!--end card-->\n                <\/div><!-- col-12 .mt-3-->\n                            <div class=\"col-12 mt-3\">\n                <!--start card-->\n                <div class=\"card-wrapper card-space\">\n                    <div class=\"card card-bg card-big border-bottom-card\">\n                        <div class=\"card-body \">\n                                                        <div class=\"category-top\">\n                                                                                                            <span class=\"\">\n                                        <svg class=\"icon icon-secondary\">\n                                            <use xlink:href=\"https:\/\/consnizza.esteri.it\/wp-content\/themes\/sedi-tema\/assets\/svg\/sprites.svg#it-calendar\"><\/use>\n                                        <\/svg> 7 d\u00e9cembre 2020                                    <\/span>\n                                                                    <\/div>\n                            <h5 class=\"card-title big-heading text-uppercase\"><a class=\"text-body text-decoration-none\" href=\"https:\/\/consnizza.esteri.it\/fr\/news\/dal_consolato\/2020\/12\/proroga-validita-dei-documenti-2\/\" title=\"PROLONGATION VALIDITE DES DOCUMENTS D\u2019IDENTITE\">PROLONGATION VALIDITE DES DOCUMENTS D\u2019IDENTITE<\/a><\/h5>\n                            <p class=\"card-text\">La Loi du 27 novembre 2020 n. 159 de conversion en loi du d\u00e9cret-loi du 07 octobre 2020 a confirm\u00e9 la prorogation jusqu\u2019au 30 avril 2021 de la validit\u00e9 des documents d\u2019identit\u00e9 italiens\u00a0p\u00e9rim\u00e9s ou en cours de p\u00e9remption apr\u00e8s la date du 31 janvier 2020. Les ressortissants int\u00e9ress\u00e9s sont invit\u00e9s \u00e0 t\u00e9l\u00e9charger l\u2019attestation de prolongation [&hellip;]<\/p>\n                                <a title=\"PROLONGATION VALIDITE DES DOCUMENTS D\u2019IDENTITE\" class=\"read-more\" href=\"https:\/\/consnizza.esteri.it\/fr\/news\/dal_consolato\/2020\/12\/proroga-validita-dei-documenti-2\/\">\n                                    <span class=\"text\">Lire la suite<\/span>\n                                    <svg class=\"icon\">\n                                    <use xlink:href=\"https:\/\/consnizza.esteri.it\/wp-content\/themes\/sedi-tema\/assets\/svg\/sprites.svg#it-arrow-right\"><\/use>\n                                    <\/svg>\n                                <\/a>\n                                                    <\/div>\n                    <\/div>\n                <\/div>\n                <!--end card-->\n                <\/div><!-- col-12 .mt-3-->\n            \n            <div class=\"col-md-12 mt-4 pb-4\">\n                <nav class=\"navigation col-md-12\" aria-label=\"Navigation\">\n                    <h2 class=\"screen-reader-text visually-hidden\">Pagination<\/h2>\n                    <div class=\"nav-links\">\n                                        <\/div>\n                <\/nav>\n            <\/div>   <!--.col-md-12 -->\n              <\/div><!--.row -->\n              \n","protected":false},"excerpt":{"rendered":"","protected":false},"author":1,"featured_media":0,"parent":183,"menu_order":0,"comment_status":"closed","ping_status":"closed","template":"","meta":{"footnotes":""},"class_list":["post-179","page","type-page","status-publish","hentry"],"_links":{"self":[{"href":"https:\/\/consnizza.esteri.it\/fr\/wp-json\/wp\/v2\/pages\/179","targetHints":{"allow":["GET"]}}],"collection":[{"href":"https:\/\/consnizza.esteri.it\/fr\/wp-json\/wp\/v2\/pages"}],"about":[{"href":"https:\/\/consnizza.esteri.it\/fr\/wp-json\/wp\/v2\/types\/page"}],"author":[{"embeddable":true,"href":"https:\/\/consnizza.esteri.it\/fr\/wp-json\/wp\/v2\/users\/1"}],"replies":[{"embeddable":true,"href":"https:\/\/consnizza.esteri.it\/fr\/wp-json\/wp\/v2\/comments?post=179"}],"version-history":[{"count":1,"href":"https:\/\/consnizza.esteri.it\/fr\/wp-json\/wp\/v2\/pages\/179\/revisions"}],"predecessor-version":[{"id":241,"href":"https:\/\/consnizza.esteri.it\/fr\/wp-json\/wp\/v2\/pages\/179\/revisions\/241"}],"up":[{"embeddable":true,"href":"https:\/\/consnizza.esteri.it\/fr\/wp-json\/wp\/v2\/pages\/183"}],"wp:attachment":[{"href":"https:\/\/consnizza.esteri.it\/fr\/wp-json\/wp\/v2\/media?parent=179"}],"curies":[{"name":"wp","href":"https:\/\/api.w.org\/{rel}","templated":true}]}}