{"id":1180,"date":"2023-11-08T16:55:00","date_gmt":"2023-11-08T14:55:00","guid":{"rendered":"https:\/\/consnizza.esteri.it\/?page_id=1180"},"modified":"2026-04-08T12:11:21","modified_gmt":"2026-04-08T10:11:21","slug":"1180-2","status":"publish","type":"page","link":"https:\/\/consnizza.esteri.it\/it\/servizi-consolari-e-visti\/servizi-per-il-cittadino-italiano\/stato-civile\/divorzio\/1180-2\/","title":{"rendered":"Istanza 5 &#8211; DIVORZIO CONSENSUALE ( PER ACCORDO REGISTRATO DOPO IL 01\/08\/2022)"},"content":{"rendered":"<p><strong>DIVORZIO CONSENSUALE PER ACCORDO REGISTRATO DOPO IL 01\/08\/2022<\/strong><\/p>\n<p>Di seguito i documenti necessari per la trascrizione del divorzio in Italia<\/p>\n<ol>\n<li>Certificato previsto dall\u2019Art. 66, paragrafo 1, lettera a), <a href=\"https:\/\/eur-lex.europa.eu\/legal-content\/IT\/TXT\/PDF\/?uri=CELEX:32019R1111&amp;from=IT\">Allegato VIII<\/a> (Certificato concernente un atto pubblico o un accordo in materia di divorzio o separazione personale) del Regolamento UE N. 1111\/2019 del 25 giugno 2019 rilasciato dall\u2019autorit\u00e0 francese abilitata [<strong>le pr\u00e9sident du tribunal (ou son d\u00e9l\u00e9gu\u00e9)<\/strong> ] (<a href=\"https:\/\/e-justice.europa.eu\/37842\/FR\/brussels_iib_regulation__matrimonial_matters_and_matters_of_parental_responsibility_recast_?FRANCE&amp;member=1\">vedere autorit\u00e0 francesi abilitate<\/a>)<\/li>\n<li>in presenza di figli minori, anche il Certificato previsto dall\u2019Art. . 66, paragrafo 1, lettera b), <a href=\"https:\/\/eur-lex.europa.eu\/legal-content\/IT\/TXT\/PDF\/?uri=CELEX:32019R1111&amp;from=IT\">Allegato IX<\/a> (Certificato concernente un atto pubblico o un Accordo in materia di responsabilit\u00e0 genitoriale) del regolamento UE N. 1111\/2019 del 25 giugno 2019 rilasciato dall\u2019autorit\u00e0 francese abilitata (<a href=\"https:\/\/e-justice.europa.eu\/37842\/FR\/brussels_iib_regulation__matrimonial_matters_and_matters_of_parental_responsibility_recast_?FRANCE&amp;member=1\">vedere autorit\u00e0 francesi abilitate<\/a>)<\/li>\n<li>estratto dell\u2019atto di matrimonio redatto su formulario plurilingue completo di annotazione di divorzio ove il matrimonio sia stato contratto in Francia;<\/li>\n<li>istanza di trascrizione di sentenza straniera modello n. 5 (<a href=\"https:\/\/consnizza.esteri.it\/wp-content\/uploads\/2023\/11\/ISTANZA-5-DIVORZIO-CONSENSUALE-DAL-01.08.2022.pdf\"><u>istanza 5 &#8211; trascrizione divorzio<\/u><\/a>);<\/li>\n<li>fotocopia di un documento d\u2019identit\u00e0 in corso di validit\u00e0<\/li>\n<\/ol>\n","protected":false},"excerpt":{"rendered":"DIVORZIO CONSENSUALE PER ACCORDO REGISTRATO DOPO IL 01\/08\/2022 Di seguito i documenti necessari per la trascrizione del divorzio in Italia Certificato previsto dall\u2019Art. 66, paragrafo 1, lettera a), Allegato VIII (Certificato concernente un atto pubblico o un accordo in materia di divorzio o separazione personale) del Regolamento UE N. 1111\/2019 del 25 giugno 2019 rilasciato [&hellip;]","protected":false},"author":3,"featured_media":0,"parent":435,"menu_order":8,"comment_status":"closed","ping_status":"closed","template":"","meta":{"footnotes":""},"class_list":["post-1180","page","type-page","status-publish","hentry"],"_links":{"self":[{"href":"https:\/\/consnizza.esteri.it\/it\/wp-json\/wp\/v2\/pages\/1180","targetHints":{"allow":["GET"]}}],"collection":[{"href":"https:\/\/consnizza.esteri.it\/it\/wp-json\/wp\/v2\/pages"}],"about":[{"href":"https:\/\/consnizza.esteri.it\/it\/wp-json\/wp\/v2\/types\/page"}],"author":[{"embeddable":true,"href":"https:\/\/consnizza.esteri.it\/it\/wp-json\/wp\/v2\/users\/3"}],"replies":[{"embeddable":true,"href":"https:\/\/consnizza.esteri.it\/it\/wp-json\/wp\/v2\/comments?post=1180"}],"version-history":[{"count":3,"href":"https:\/\/consnizza.esteri.it\/it\/wp-json\/wp\/v2\/pages\/1180\/revisions"}],"predecessor-version":[{"id":3866,"href":"https:\/\/consnizza.esteri.it\/it\/wp-json\/wp\/v2\/pages\/1180\/revisions\/3866"}],"up":[{"embeddable":true,"href":"https:\/\/consnizza.esteri.it\/it\/wp-json\/wp\/v2\/pages\/435"}],"wp:attachment":[{"href":"https:\/\/consnizza.esteri.it\/it\/wp-json\/wp\/v2\/media?parent=1180"}],"curies":[{"name":"wp","href":"https:\/\/api.w.org\/{rel}","templated":true}]}}