{"id":13,"date":"2023-04-03T18:23:20","date_gmt":"2023-04-03T16:23:20","guid":{"rendered":"https:\/\/consolatozurigo.esteri.it\/?page_id=13"},"modified":"2026-04-07T16:15:33","modified_gmt":"2026-04-07T14:15:33","slug":"chi-siamo","status":"publish","type":"page","link":"https:\/\/consnizza.esteri.it\/it\/chi-siamo\/","title":{"rendered":"Chi siamo"},"content":{"rendered":"<p><strong>Consolato Generale d&#8217;Italia a Nizza<\/strong><\/p>\n<p>72, boulevard Gambetta<br \/>\n06000 Nice<\/p>\n<p>Tel. 33 (0) 4 92 14 40 90<\/p>\n<p>e-mail: <a href=\"mailto:connizz.mail@esteri.it\">connizz.mail@esteri.it<\/a><\/p>\n<h4><strong>In caso di decesso, incidente grave o altra questione comportante rischi per la salute o situazione di pericolo per l\u2019incolumit\u00e0 personale di cittadini italiani all\u2019estero e che richieda l\u2019intervento urgente delle autorit\u00e0 consolari, chiamare il seguente numero : 0033 (0)6 03 69 03 57 dalle ore 18 alle ore 22 nei giorni feriali e dalle ore 9 alle ore 22 nei giorni festivi.<\/strong><\/h4>\n<h4><strong>PER TUTTE LE ALTRE FASCE ORARIE FUORI DALL&#8217;ORARIO DI UFFICIO, CONTATTARE\u00a0 I SEGUENTI RECAPITI:\u00a0 TEL 0033 (7) 68 05 48 04 oppure FUNZIONARIO DI TURNO DEL MAECI Tel. 0039 06 3691 2666<\/strong><\/h4>\n<p>&nbsp;<\/p>\n<p><strong>Orario di apertura al pubblico<\/strong>:<\/p>\n<p>luned\u00ec, marted\u00ec, mercoled\u00ec, gioved\u00ec, venerd\u00ec: dalle ore 9 alle ore 12<\/p>\n<p>marted\u00ec: anche dalle ore 14.30 alle ore 16.30<\/p>\n<p>&nbsp;<\/p>\n<p><strong>CALENDARIO FESTIVITA&#8217; 2026<\/strong><\/p>\n<table width=\"529\">\n<tbody>\n<tr>\n<td width=\"195\">Gioved\u00ec 1 gennaio<\/td>\n<td width=\"328\">Capodanno<\/td>\n<\/tr>\n<tr>\n<td width=\"195\">Luned\u00ec 6 aprile<\/td>\n<td width=\"328\">Lunedi dell&#8217;Angelo\/Pasquetta<\/td>\n<\/tr>\n<tr>\n<td width=\"195\">Venerd\u00ec 1 maggio<\/td>\n<td width=\"328\">Festa del Lavoro<\/td>\n<\/tr>\n<tr>\n<td width=\"195\">Venerd\u00ec 8 maggio<\/td>\n<td width=\"328\">Festa della Vittoria<\/td>\n<\/tr>\n<tr>\n<td width=\"195\">Gioved\u00ec 14 maggio<\/td>\n<td width=\"328\">Festa dell&#8217;Ascensione<\/td>\n<\/tr>\n<tr>\n<td width=\"195\">Marted\u00ec 2 giugno<\/td>\n<td width=\"328\">Festa nazionale italiana<\/td>\n<\/tr>\n<tr>\n<td width=\"195\">Marted\u00ec 14 luglio<\/td>\n<td width=\"328\">Festa nazionale francese<\/td>\n<\/tr>\n<tr>\n<td width=\"195\">Sabato 15 agosto<\/td>\n<td width=\"328\">Festa dell&#8217;Assunzione\/Ferragosto<\/td>\n<\/tr>\n<tr>\n<td width=\"195\">Domenica 4 ottobre<\/td>\n<td width=\"328\">Festa di San Francesco d&#8217;Assisi<\/td>\n<\/tr>\n<tr>\n<td width=\"195\">Domenica 1\u00b0 novembre<\/td>\n<td width=\"328\">Festa di Ognissanti<\/td>\n<\/tr>\n<tr>\n<td width=\"195\">Venerd\u00ec 25 dicembre<\/td>\n<td width=\"328\">Natale<\/td>\n<\/tr>\n<tr>\n<td width=\"195\">Sabato 26 dicembre<\/td>\n<td width=\"328\">Santo Stefano<\/td>\n<\/tr>\n<\/tbody>\n<\/table>\n<p>&nbsp;<\/p>\n","protected":false},"excerpt":{"rendered":"Consolato Generale d&#8217;Italia a Nizza 72, boulevard Gambetta 06000 Nice Tel. 33 (0) 4 92 14 40 90 e-mail: connizz.mail@esteri.it In caso di decesso, incidente grave o altra questione comportante rischi per la salute o situazione di pericolo per l\u2019incolumit\u00e0 personale di cittadini italiani all\u2019estero e che richieda l\u2019intervento urgente delle autorit\u00e0 consolari, chiamare il [&hellip;]","protected":false},"author":1,"featured_media":0,"parent":0,"menu_order":2,"comment_status":"closed","ping_status":"closed","template":"","meta":{"footnotes":""},"class_list":["post-13","page","type-page","status-publish","hentry"],"_links":{"self":[{"href":"https:\/\/consnizza.esteri.it\/it\/wp-json\/wp\/v2\/pages\/13","targetHints":{"allow":["GET"]}}],"collection":[{"href":"https:\/\/consnizza.esteri.it\/it\/wp-json\/wp\/v2\/pages"}],"about":[{"href":"https:\/\/consnizza.esteri.it\/it\/wp-json\/wp\/v2\/types\/page"}],"author":[{"embeddable":true,"href":"https:\/\/consnizza.esteri.it\/it\/wp-json\/wp\/v2\/users\/1"}],"replies":[{"embeddable":true,"href":"https:\/\/consnizza.esteri.it\/it\/wp-json\/wp\/v2\/comments?post=13"}],"version-history":[{"count":6,"href":"https:\/\/consnizza.esteri.it\/it\/wp-json\/wp\/v2\/pages\/13\/revisions"}],"predecessor-version":[{"id":3779,"href":"https:\/\/consnizza.esteri.it\/it\/wp-json\/wp\/v2\/pages\/13\/revisions\/3779"}],"wp:attachment":[{"href":"https:\/\/consnizza.esteri.it\/it\/wp-json\/wp\/v2\/media?parent=13"}],"curies":[{"name":"wp","href":"https:\/\/api.w.org\/{rel}","templated":true}]}}