{"id":16,"date":"2023-04-03T18:24:11","date_gmt":"2023-04-03T16:24:11","guid":{"rendered":"https:\/\/consolatozurigo.esteri.it\/?page_id=16"},"modified":"2026-03-13T17:49:39","modified_gmt":"2026-03-13T15:49:39","slug":"servizi-consolari-e-visti","status":"publish","type":"page","link":"https:\/\/consnizza.esteri.it\/it\/servizi-consolari-e-visti\/","title":{"rendered":"Servizi Consolari e Visti"},"content":{"rendered":"<p>Per consultare i servizi consolari di questo Consolato Generale, <a href=\"https:\/\/consnizza.esteri.it\/it\/servizi-consolari-e-visti\/servizi-per-il-cittadino-italiano\/\"><strong>clicca qui<\/strong><\/a>.<\/p>\n<p>&nbsp;<\/p>\n<p>I servizi consolari sono erogati secondo principi di eguaglianza, imparzialit\u00e0, efficienza e trasparenza.<br \/>\nI Consolati assicurano a tutti i connazionali la tutela in caso di violazione dei loro diritti fondamentali e di limitazione o privazione della loro libert\u00e0 personale. Inoltre assicurano assistenza per i casi di emergenza, per la ricerca di familiari, per le pratiche di successione aperte all\u2019estero e per il rimpatrio delle salme.<\/p>\n<p>Per ulteriori informazioni di carattere generale, si invita a consultare la pagina relativa ai servizi consolari <a href=\"https:\/\/www.esteri.it\/it\/servizi-consolari-e-visti\/\">a cura del Ministero Affari Esteri.<\/a><\/p>\n<p><strong>Il cittadino italiano pu\u00f2 esprimere una valutazione del servizio ricevuto dalla Rappresentanza diplomatico-consolare su un apposito registro pubblico disponibile presso la sede oppure inviando una e.mail al seguente indirizzo<\/strong>:<br \/>\n<a href=\"mailto:segreteria.nizza@esteri.it\"><strong>segreteria.nizza@esteri.it<\/strong><\/a><\/p>\n<p>I cittadini italiani residenti all\u2019estero hanno l\u2019obbligo di iscriversi all\u2019AIRE.<\/p>\n<ul>\n<li><strong><a href=\"https:\/\/consnizza.esteri.it\/wp-content\/uploads\/2023\/08\/6631_f_cons97CARTADELCITTADINOITALIANOALL4.doc\">Carta del cittadino italiano all&#8217;estero<\/a><\/strong><\/li>\n<li><a href=\"https:\/\/consnizza.esteri.it\/wp-content\/uploads\/2025\/05\/tariffa-consolare-2025.pdf\"><strong>Tabella diritti consolari<\/strong><\/a><\/li>\n<li><strong><a href=\"https:\/\/consnizza.esteri.it\/wp-content\/uploads\/2023\/08\/6635_f_cons97IstruzioniPINCODE1.doc\">Istruzioni per la richiesta del PINCODE per italiani residenti all&#8217;estero<\/a><\/strong><\/li>\n<li><strong><a href=\"http:\/\/www.agenziaentrate.gov.it\/\">Guida agli adempimenti fiscali in Italia per i residenti all&#8217;estero<\/a><\/strong><\/li>\n<li><strong><a href=\"https:\/\/consnizza.esteri.it\/it\/italia-e-francia\/\">Associazioni e Patronati<\/a><\/strong><\/li>\n<\/ul>\n<p>&nbsp;<\/p>\n<p>Si precisa che tra i <em><strong>traducteurs asserment\u00e9s<\/strong><\/em> iscritti presso la <em>Cour d&#8217;appel\u00a0d&#8217;Aix-en-Provence<\/em>, sono presenti sul sito di questa Sede solo coloro che hanno fatto esplicita richiesta di inserimento nella seguente lista:<\/p>\n<ul>\n<li><strong><a href=\"http:\/\/www.ca-aixenprovence.justice.fr\/\">Traduttori giurati<\/a><\/strong>\u00a0\u00a0<a href=\"https:\/\/consnizza.esteri.it\/wp-content\/uploads\/2026\/02\/TRADUTTORI-2026.pdf\">Lista <em>traducteurs asserment\u00e9s<\/em><\/a><\/li>\n<\/ul>\n<p>&nbsp;<\/p>\n<p><span style=\"text-decoration: underline;\"><strong>ELENCO DEI PROFESSIONISTI DI RIFERIMENTO A DISPOSIZIONE DELL\u2019UTENZA CONSOLARE<\/strong><\/span><\/p>\n<p>Si riportano di seguito le liste relative ai nominativi e recapiti di alcuni professionisti di riferimento &#8211; nelle categorie professionali di <strong>avvocati<\/strong>, <strong>notai<\/strong>, <strong>commercialisti, <\/strong><strong>medici e<\/strong> <strong>psicologi<\/strong> &#8211; di cui l\u2019utenza consolare potr\u00e0 avvalersi in caso di necessit\u00e0, ferma restando naturalmente la possibilit\u00e0 di rivolgersi ad altri professionisti di propria fiducia.<\/p>\n<ul>\n<li><strong>Notai bilingue &#8211;\u00a0<a href=\"https:\/\/consnizza.esteri.it\/wp-content\/uploads\/2026\/03\/NOTAI-BILINGUE-2025.pdf\">Lista notai<\/a><\/strong><\/li>\n<li><strong>Avvocati bilingue &#8211;\u00a0<a href=\"https:\/\/consnizza.esteri.it\/wp-content\/uploads\/2025\/12\/AVVOCATI-2025.pdf\">Lista avvocati<\/a><\/strong><\/li>\n<li><strong>Psicologi bilingue &#8211;\u00a0<a href=\"https:\/\/consnizza.esteri.it\/wp-content\/uploads\/2025\/12\/PSICOLOGI-BILINGUE-2025.pdf\">Lista psicologi<\/a><\/strong><\/li>\n<li><strong>Medici bilingue &#8211; <a href=\"https:\/\/consnizza.esteri.it\/wp-content\/uploads\/2025\/10\/MEDICI-BILINGUE-2025.pdf\">Lista medici<\/a><\/strong><\/li>\n<li><strong>Commercialisti bilingue &#8211; <a href=\"https:\/\/consnizza.esteri.it\/wp-content\/uploads\/2025\/10\/COMMERCIALISTI-BILINGUE-2025.pdf\">Lista commercialisti<\/a><\/strong><\/li>\n<\/ul>\n<p>Detto elenco \u00e8 stato compilato tenendo conto delle richieste d\u2019inserimento avanzate dagli stessi professionisti e deve, quindi, considerarsi aperto e non esaustivo, potendo includere diversi e ulteriori nominativi &#8211; su semplice richiesta scritta d\u2019inserimento nella lista da parte del singolo professionista interessato &#8211; individuati nel rispetto di alcuni requisiti minimi uniformi, obiettivi e non discriminatori.<\/p>\n<p>Si precisa che questa Sede <u>non risponde della qualit\u00e0 del servizio prestato dagli stessi, del loro operato e delle tariffe praticate<\/u>.<\/p>\n<p>I professionisti presenti nell\u2019elenco soddisfano i seguenti requisiti:<\/p>\n<ul>\n<li>conoscenza della lingua italiana e locale;<\/li>\n<li>abilitazione all\u2019esercizio della professione e iscrizione nel relativo albo e\/o ordine professionale;<\/li>\n<li>conoscenza della legislazione locale e italiana nello specifico settore di attivit\u00e0, (oppure rapporti di associazione o collaborazione con analoghi studi in Italia);<\/li>\n<li>assenza di condanne e procedimenti penali in corso.<\/li>\n<\/ul>\n<p>Si invitano i <strong>professionisti che desiderano essere inseriti nell\u2019elenco<\/strong> a trasmettere una richiesta per email a questo Consolato Generale, <u>entro il 31 maggio di ogni anno<\/u>, all\u2019indirizzo <a href=\"mailto:archivio.nizza@esteri.it\">archivio.nizza@esteri.it<\/a> corredandola di:<\/p>\n<ul>\n<li>curriculum professionale;<\/li>\n<li>autocertificazione attestante:<\/li>\n<li>l\u2019abilitazione all\u2019esercizio della professione;<\/li>\n<li>l\u2019iscrizione nel relativo albo\/ordine professionale;<\/li>\n<li>la conoscenza delle lingue italiana e francese;<\/li>\n<li>l\u2019assenza di condanne penali e non avere procedimenti penali in corso.<\/li>\n<\/ul>\n<p>&nbsp;<\/p>\n","protected":false},"excerpt":{"rendered":"Per consultare i servizi consolari di questo Consolato Generale, clicca qui. &nbsp; I servizi consolari sono erogati secondo principi di eguaglianza, imparzialit\u00e0, efficienza e trasparenza. I Consolati assicurano a tutti i connazionali la tutela in caso di violazione dei loro diritti fondamentali e di limitazione o privazione della loro libert\u00e0 personale. Inoltre assicurano assistenza per [&hellip;]","protected":false},"author":1,"featured_media":0,"parent":0,"menu_order":6,"comment_status":"closed","ping_status":"closed","template":"","meta":{"footnotes":""},"class_list":["post-16","page","type-page","status-publish","hentry"],"_links":{"self":[{"href":"https:\/\/consnizza.esteri.it\/it\/wp-json\/wp\/v2\/pages\/16","targetHints":{"allow":["GET"]}}],"collection":[{"href":"https:\/\/consnizza.esteri.it\/it\/wp-json\/wp\/v2\/pages"}],"about":[{"href":"https:\/\/consnizza.esteri.it\/it\/wp-json\/wp\/v2\/types\/page"}],"author":[{"embeddable":true,"href":"https:\/\/consnizza.esteri.it\/it\/wp-json\/wp\/v2\/users\/1"}],"replies":[{"embeddable":true,"href":"https:\/\/consnizza.esteri.it\/it\/wp-json\/wp\/v2\/comments?post=16"}],"version-history":[{"count":7,"href":"https:\/\/consnizza.esteri.it\/it\/wp-json\/wp\/v2\/pages\/16\/revisions"}],"predecessor-version":[{"id":3761,"href":"https:\/\/consnizza.esteri.it\/it\/wp-json\/wp\/v2\/pages\/16\/revisions\/3761"}],"wp:attachment":[{"href":"https:\/\/consnizza.esteri.it\/it\/wp-json\/wp\/v2\/media?parent=16"}],"curies":[{"name":"wp","href":"https:\/\/api.w.org\/{rel}","templated":true}]}}