{"id":276,"date":"2023-08-21T15:21:13","date_gmt":"2023-08-21T13:21:13","guid":{"rendered":"https:\/\/consnizza.esteri.it\/?page_id=276"},"modified":"2026-03-11T11:03:58","modified_gmt":"2026-03-11T09:03:58","slug":"passaporti","status":"publish","type":"page","link":"https:\/\/consnizza.esteri.it\/it\/servizi-consolari-e-visti\/servizi-per-il-cittadino-italiano\/passaporti-e-carte-didentita\/passaporti\/","title":{"rendered":"Passaporti"},"content":{"rendered":"<p><strong>RILASCIO DEL PASSAPORTO &#8211; INFORMAZIONI GENERALI<\/strong><\/p>\n<p>ll Consolato Generale di Nizza \u00e8 competente per il rilascio di passaporti e CIE a cittadini italiani residenti nella Circoscrizione Consolare di Nizza regolarmente iscritti all\u2019A.I.R.E. e che abbiano la propria situazione anagrafica aggiornata (\u00e8 necessario che qualsiasi aggiornamento richiesto \u2013 quale ad esempio cambio di residenza \u2013 sia stato concluso prima della prenotazione).<\/p>\n<p>Per verificare i propri dati anagrafici e lo stato degli aggiornamenti tutti gli utenti sono invitati ad accedere al <a href=\"https:\/\/serviziconsolari.esteri.it\/ScoFE\/index.sco\">Portale Fast-it<\/a>.<\/p>\n<p>Per richiedere il rilascio del passaporto biometrico \u00e8 necessario prendere appuntamento esclusivamente tramite l\u2019applicativo\u00a0<a href=\"https:\/\/prenotami.esteri.it\/\"><strong>PRENOT@MI.<\/strong><\/a> Di norma, le richieste presentate di persona, tramite posta ordinaria o <em>e-mail<\/em> non vengono trattate.<\/p>\n<p>Le nuove disponibilit\u00e0 di appuntamenti sono rese pubbliche domenica \u2013 luned\u00ec \u2013 marted\u00ec \u2013 mercoled\u00ec \u2013 gioved\u00ec alle ore 20:00. Il calendario degli appuntamenti resta comunque sempre aperto.<\/p>\n<p><strong>Si raccomanda, prima di acquistare un biglietto per un Paese dove ci si pu\u00f2 recare solo con il passaporto, di farne richiesta per tempo. <\/strong>Il solo possesso di un biglietto, infatti, non \u00e8 considerato come un motivo d\u2019urgenza per il rilascio del passaporto.<\/p>\n<p>Salvo la presenza di cause ostative o documentazione incompleta il passaporto sar\u00e0 rilasciato a vista il giorno dell\u2019appuntamento.<\/p>\n<p>&nbsp;<\/p>\n<p><strong>DOCUMENTAZIONE NECESSARIA<\/strong><\/p>\n<p>Il giorno dell\u2019appuntamento \u00e8 richiesta la presenza del richiedente, <strong>anche se minore<\/strong>.<\/p>\n<p>Sar\u00e0 necessario presentare la seguente documentazione:<\/p>\n<ul>\n<li><strong>formulario<\/strong> per la richiesta del passaporto compilato per minorenni (<a href=\"https:\/\/consnizza.esteri.it\/wp-content\/uploads\/2023\/08\/modulo_richiesta_passaporto_minori_it-fr.pdf\"><strong>clicca qui<\/strong><\/a>) o per maggiorenni (<strong><a href=\"https:\/\/consnizza.esteri.it\/wp-content\/uploads\/2023\/08\/modulo_maggiorenne_richiesta_passaporto_it-fr-1.pdf\">clicca qui<\/a><\/strong>);<\/li>\n<li><strong>una fotografia <\/strong>recente (massimo 6 mesi) formato ICAO (<a href=\"https:\/\/consnizza.esteri.it\/wp-content\/uploads\/2024\/10\/annex_A-photograph_guidelines.pdf\">vedi caratteristiche<\/a>);<\/li>\n<li><strong>documento di identit\u00e0 e il passaporto in corso di validit\u00e0;<\/strong><\/li>\n<li><strong>copia del documento<\/strong> di identit\u00e0 e per i minorenni anche <strong>copia dei documenti di identit\u00e0 dei genitori<\/strong> in cui siano visibili le firme;<\/li>\n<li>per il rilascio del documento, <strong>la presenza del minore \u00e8 OBBLIGATORIA<\/strong>.<\/li>\n<li><strong>per i minori con genitori separati\/divorziati, atto d\u2019assenso compilato dal genitore non presente all\u2019appuntamento (<a href=\"https:\/\/consnizza.esteri.it\/wp-content\/uploads\/2023\/08\/atto-di-assenso-PASSAPORTO.pdf\">atto d\u2019assenso<\/a>);<\/strong><\/li>\n<li><strong>116,20 euro in contanti o 117,20 con carta di credito;<br \/>\n<\/strong><\/li>\n<li><strong>In caso di persona priva di qualunque documento di riconoscimento italiano o straniero (neonato, vittima di furto ecc) \u00e8 necessaria la presenza di due testimoni, muniti dei propri documenti di identit\u00e0 in originale e in copia, al fine dell\u2019identificazione<\/strong><\/li>\n<\/ul>\n<p>&nbsp;<\/p>\n<p><strong>URGENZA<\/strong><\/p>\n<p><strong>In caso di assoluta e documentata urgenza (necessit\u00e0 di recarsi fuori UE per gravi motivi di salute o per improrogabili ragioni di lavoro o di studio), \u00e8 possibile chiedere il rilascio del passaporto con procedura d\u2019urgenza.<\/strong><\/p>\n<p>Sar\u00e0 necessario anticipare via <em>e-mail<\/em> la documentazione probante (dichiarazione del datore di lavoro, lettera d\u2019incarico, invito all\u2019estero, certificazione medica, etc.) contenente data, luogo e durata dell\u2019impegno all\u2019estero ed il formulario di richiesta del passaporto compilato in tutte le sue parti e completo della summenzionata documentazione.<\/p>\n<p><strong>La procedura d\u2019urgenza prevede il pagamento, in aggiunta al costo del passaporto, di 50 \u20ac di diritti d\u2019urgenza. L\u2019appuntamento \u00e8 fissato in tempo utile per l\u2019effettuazione del viaggio e il passaporto viene rilasciato il giorno dell\u2019appuntamento.<\/strong><\/p>\n<p>&nbsp;<\/p>\n<p><strong>FURTO O SMARRIMENTO<\/strong><\/p>\n<p><u>Procedura per i residenti della Circoscrizione Consolare<\/u>. In caso di smarrimento o furto del passaporto, \u00e8 necessario presentare subito<strong> denuncia alla Polizia locale. <\/strong>Soltanto dopo tale adempimento sar\u00e0 possibile prenotare l\u2019appuntamento per ottenere il rilascio di un nuovo passaporto.<\/p>\n<p>&nbsp;<\/p>\n<p><strong>Contatti<\/strong><\/p>\n<p>Per contattare l\u2019Ufficio Passaporti del Consolato Generale, \u00e8 possibile:<\/p>\n<ul>\n<li>scrivere all\u2019indirizzo di posta elettronica <a href=\"mailto:passaporti.nizza@esteri.it\">passaporti.nizza@esteri.it<\/a>;<\/li>\n<li>chiamare al numero 4104 il luned\u00ec, mercoled\u00ec e gioved\u00ec dalle 14:00 alle 15:00.<\/li>\n<\/ul>\n<p>Verr\u00e0 data risposta solamente ai quesiti relativi ad informazioni che non siano gi\u00e0 presenti sul sito del Consolato Generale.<\/p>\n<p>&nbsp;<\/p>\n<p><strong>\u00a0<\/strong><\/p>\n","protected":false},"excerpt":{"rendered":"RILASCIO DEL PASSAPORTO &#8211; INFORMAZIONI GENERALI ll Consolato Generale di Nizza \u00e8 competente per il rilascio di passaporti e CIE a cittadini italiani residenti nella Circoscrizione Consolare di Nizza regolarmente iscritti all\u2019A.I.R.E. e che abbiano la propria situazione anagrafica aggiornata (\u00e8 necessario che qualsiasi aggiornamento richiesto \u2013 quale ad esempio cambio di residenza \u2013 sia [&hellip;]","protected":false},"author":3,"featured_media":0,"parent":67,"menu_order":2,"comment_status":"closed","ping_status":"closed","template":"","meta":{"footnotes":""},"class_list":["post-276","page","type-page","status-publish","hentry"],"_links":{"self":[{"href":"https:\/\/consnizza.esteri.it\/it\/wp-json\/wp\/v2\/pages\/276","targetHints":{"allow":["GET"]}}],"collection":[{"href":"https:\/\/consnizza.esteri.it\/it\/wp-json\/wp\/v2\/pages"}],"about":[{"href":"https:\/\/consnizza.esteri.it\/it\/wp-json\/wp\/v2\/types\/page"}],"author":[{"embeddable":true,"href":"https:\/\/consnizza.esteri.it\/it\/wp-json\/wp\/v2\/users\/3"}],"replies":[{"embeddable":true,"href":"https:\/\/consnizza.esteri.it\/it\/wp-json\/wp\/v2\/comments?post=276"}],"version-history":[{"count":6,"href":"https:\/\/consnizza.esteri.it\/it\/wp-json\/wp\/v2\/pages\/276\/revisions"}],"predecessor-version":[{"id":3756,"href":"https:\/\/consnizza.esteri.it\/it\/wp-json\/wp\/v2\/pages\/276\/revisions\/3756"}],"up":[{"embeddable":true,"href":"https:\/\/consnizza.esteri.it\/it\/wp-json\/wp\/v2\/pages\/67"}],"wp:attachment":[{"href":"https:\/\/consnizza.esteri.it\/it\/wp-json\/wp\/v2\/media?parent=276"}],"curies":[{"name":"wp","href":"https:\/\/api.w.org\/{rel}","templated":true}]}}