{"id":286,"date":"2023-08-21T15:49:59","date_gmt":"2023-08-21T13:49:59","guid":{"rendered":"https:\/\/consnizza.esteri.it\/?page_id=286"},"modified":"2026-03-04T13:46:58","modified_gmt":"2026-03-04T11:46:58","slug":"carta-identita-elettronica-c-i-e","status":"publish","type":"page","link":"https:\/\/consnizza.esteri.it\/it\/servizi-consolari-e-visti\/servizi-per-il-cittadino-italiano\/passaporti-e-carte-didentita\/carta-identita-elettronica-c-i-e\/","title":{"rendered":"Carta Identit\u00e0 Elettronica &#8211; C.I.E."},"content":{"rendered":"<p><strong>I Consolati rilasciano esclusivamente la Carta d\u2019Identit\u00e0 Elettronica (C.I.E.).<\/strong><\/p>\n<p>Si informa che <strong>le carte d\u2019identit\u00e0 cartacee (CIC) italiane cesseranno di essere valide il <span style=\"text-decoration: underline;\">3 agosto 2026<\/span> (indipendentemente dalla data di scadenza riportata sul singolo documento)<\/strong>, in quanto non pi\u00f9 rispondenti ai requisiti di sicurezza dei documenti d\u2019identit\u00e0 e di viaggio previsti dalla normativa europea.<\/p>\n<p><strong>Quindi, gli utenti in possesso di una CIC valida fino, per esempio, al 2030 potranno richiedere una carta d\u2019identit\u00e0 elettronica (CIE) sin da ora.<\/strong><\/p>\n<p>ll Consolato Generale di Nizza \u00e8 competente per il rilascio di passaporti e CIE a cittadini italiani residenti nella Circoscrizione Consolare di Nizza regolarmente iscritti all\u2019A.I.R.E. e che abbiano la propria situazione anagrafica aggiornata (<span style=\"text-decoration: underline;\">\u00e8 necessario che qualsiasi aggiornamento richiesto \u2013 quale ad esempio cambio di residenza \u2013 sia stato concluso prima della prenotazione<\/span>).<\/p>\n<p>Per verificare i propri dati anagrafici e lo stato degli aggiornamenti tutti gli utenti sono invitati ad accedere al <a href=\"https:\/\/serviziconsolari.esteri.it\/ScoFE\/index.sco\">Portale Fast-It<\/a>.<\/p>\n<p>La nuova Carta di identit\u00e0 Elettronica \u00e8 un documento multifunzionale: attesta l\u2019identit\u00e0 del cittadino, \u00e8 un documento di viaggio, riporta il codice fiscale e si pu\u00f2 utilizzare per accedere ai Servizi on-line erogati dalle Pubbliche Amministrazioni Italiane.<\/p>\n<p><strong>I connazionali iscritti AIRE possono richiedere la Carta di identit\u00e0 elettronica al Consolato, prenotando il servizio<\/strong><strong> sulla piattaforma <a href=\"https:\/\/prenotami.esteri.it\/\">PRENOT@MI<\/a> oppure a partire dal 01\/06\/2026 anche presso un qualsiasi Comune Italiano.\u00a0<\/strong><\/p>\n<p>Il calendario per le prenotazioni \u00e8 sempre aperto<strong>. Le prenotazioni vanno effettuate da utenti titolari di un account PRENOT@MI. Se la richiesta riguarda i minori, l\u2019appuntamento (singolo o multiplo in base al numero di richiedenti) deve essere prenotato tramite l\u2019account del genitore.<\/strong><\/p>\n<p><strong>I nuovi appuntamenti sono pubblicati domenica \u2013 luned\u00ec \u2013 marted\u00ec \u2013 mercoled\u00ec \u2013 gioved\u00ec <\/strong><strong>alle ore 20:00.<\/strong><\/p>\n<p><strong>La CIE non \u00e8 rilasciata a vista il giorno dell\u2019appuntamento. <\/strong>Il giorno dell\u2019appuntamento in Consolato saranno acquisiti i dati biometrici.<\/p>\n<p>La presenza del richiedente (anche se minorenne) \u00e8 obbligatoria. Il minorenne deve essere accompagnato da un genitore; in caso di prima emissione \u00e8 richiesta la presenza dei due genitori.<\/p>\n<p><strong>Non \u00e8 prevista una procedura d\u2019urgenza per il rilascio della CIE, poich\u00e9 il documento non \u00e8 rilasciato a vista. <\/strong>La CIE \u00e8 prodotta dall\u2019Istituto Poligrafico e Zecca dello Stato di Roma ed \u00e8 recapitata dopo due settimane direttamente all\u2019indirizzo di residenza dell\u2019utente tramite posta RACCOMANDATA. In caso di mancata consegna per indirizzo errato, \u00e8 prevista una giacenza di 15 giorni presso l\u2019ufficio postale locale. Al termine di questo periodo il plico viene restituito al Consolato Generale dopo circa 50\/60 giorni per un ulteriore tentativo di consegna.<\/p>\n<p><strong>In sede di appuntamento sar\u00e0 annullata la carta di identit\u00e0 cartacea o CIE in corso di validit\u00e0, anche se il richiedente non possiede altro documento di identit\u00e0.<\/strong><\/p>\n<p><strong>Siete invitati a non acquistare biglietti aerei senza prima aver ricevuto la vostra CIE.<\/strong><\/p>\n<p><strong>REQUISITI OBBLIGATORI PER RICHIEDERE LA CIE:<\/strong><\/p>\n<p>Ai fini dell\u2019emissione della CIE, per il richiedente \u00e8 indispensabile che:<\/p>\n<ul>\n<li>Si sia conclusa con esito positivo la procedura di iscrizione all\u2019AIRE;<\/li>\n<li>L\u2019 atto di nascita del richiedente sia trascritto in Italia, in quanto gli estremi della trascrizione sono riportati sulla CIE.<\/li>\n<li>il Codice Fiscale sia stato validato. Per chi non sia in possesso del Codice fiscale sar\u00e0 cura di questo Consolato Generale richiederlo d\u2019ufficio.<\/li>\n<\/ul>\n<p><strong>DOCUMENTAZIONE DA PRESENTARE IL GIORNO DELL\u2019APPUNTAMENTO<\/strong><\/p>\n<ul>\n<li>1 fototessera recente,\u00a0<strong>di meno di 6 mesi<\/strong>\u00a0in formato ICAO. Caratteristiche foto (<a href=\"https:\/\/consnizza.esteri.it\/wp-content\/uploads\/2024\/10\/annex_A-photograph_guidelines.pdf\">clicca qui<\/a>);<\/li>\n<li>Carta di identit\u00e0 cartacea\/CIE o altro documento <strong>originale;<\/strong><\/li>\n<li><strong>Copia della carta di identit\u00e0<\/strong> cartacea\/CIE o del passaporto;<\/li>\n<li>Per il rilascio del documento, <strong>la presenza del minore \u00e8 OBBLIGATORIA<\/strong>.<\/li>\n<li>Codice fiscale, se in possesso. NB: se non si possiede CF, questo sar\u00e0 attribuito d\u2019ufficio;<\/li>\n<li><strong>PER I MINORI: ATTO DI ASSENSO (<\/strong><a href=\"https:\/\/consnizza.esteri.it\/wp-content\/uploads\/2023\/08\/atto-di-assenso-pass-e-C.I.-duplice-lingua.pdf\"><strong>Clicca qui<\/strong><\/a><strong>), compilato e firmato da ogni genitore + copia fronte\/retro del documento di identit\u00e0 dei firmatari;<\/strong><\/li>\n<li><strong>In caso di persona priva di qualunque documento di riconoscimento italiano o straniero (neonato, vittima di furto ecc) \u00e8 necessaria la presenza di due testimoni, muniti dei propri documenti di identit\u00e0 in originale e in copia, al fine dell\u2019identificazione<\/strong><\/li>\n<li><strong>\u20ac 21,95<\/strong> per rinnovo\/prima emissione\/passaggio a CIE ; <strong>\u20ac 27,11<\/strong> per duplicato furto\/deterioramento\/smarrimento. <strong>Pagamento<\/strong> <strong>in contanti o carta di credito <\/strong>(si applicher\u00e0 \u20ac 1 di commissione bancaria per ogni rilascio documento corrisposto con carta di credito);<\/li>\n<li>Denuncia di furto o smarrimento rilasciata dalle Autorit\u00e0 di Polizia locali.<\/li>\n<\/ul>\n","protected":false},"excerpt":{"rendered":"I Consolati rilasciano esclusivamente la Carta d\u2019Identit\u00e0 Elettronica (C.I.E.). Si informa che le carte d\u2019identit\u00e0 cartacee (CIC) italiane cesseranno di essere valide il 3 agosto 2026 (indipendentemente dalla data di scadenza riportata sul singolo documento), in quanto non pi\u00f9 rispondenti ai requisiti di sicurezza dei documenti d\u2019identit\u00e0 e di viaggio previsti dalla normativa europea. Quindi, [&hellip;]","protected":false},"author":3,"featured_media":0,"parent":67,"menu_order":4,"comment_status":"closed","ping_status":"closed","template":"","meta":{"footnotes":""},"class_list":["post-286","page","type-page","status-publish","hentry"],"_links":{"self":[{"href":"https:\/\/consnizza.esteri.it\/it\/wp-json\/wp\/v2\/pages\/286","targetHints":{"allow":["GET"]}}],"collection":[{"href":"https:\/\/consnizza.esteri.it\/it\/wp-json\/wp\/v2\/pages"}],"about":[{"href":"https:\/\/consnizza.esteri.it\/it\/wp-json\/wp\/v2\/types\/page"}],"author":[{"embeddable":true,"href":"https:\/\/consnizza.esteri.it\/it\/wp-json\/wp\/v2\/users\/3"}],"replies":[{"embeddable":true,"href":"https:\/\/consnizza.esteri.it\/it\/wp-json\/wp\/v2\/comments?post=286"}],"version-history":[{"count":8,"href":"https:\/\/consnizza.esteri.it\/it\/wp-json\/wp\/v2\/pages\/286\/revisions"}],"predecessor-version":[{"id":3709,"href":"https:\/\/consnizza.esteri.it\/it\/wp-json\/wp\/v2\/pages\/286\/revisions\/3709"}],"up":[{"embeddable":true,"href":"https:\/\/consnizza.esteri.it\/it\/wp-json\/wp\/v2\/pages\/67"}],"wp:attachment":[{"href":"https:\/\/consnizza.esteri.it\/it\/wp-json\/wp\/v2\/media?parent=286"}],"curies":[{"name":"wp","href":"https:\/\/api.w.org\/{rel}","templated":true}]}}