{"id":3658,"date":"2026-02-26T13:26:05","date_gmt":"2026-02-26T11:26:05","guid":{"rendered":"https:\/\/consnizza.esteri.it\/?page_id=3658"},"modified":"2026-02-26T13:26:05","modified_gmt":"2026-02-26T11:26:05","slug":"spid","status":"publish","type":"page","link":"https:\/\/consnizza.esteri.it\/it\/servizi-consolari-e-visti\/servizi-per-il-cittadino-italiano\/spid\/","title":{"rendered":"SPID"},"content":{"rendered":"<p><strong>Cos\u2019\u00e8 SPID:<\/strong> SPID (Sistema Pubblico di Identit\u00e0 Digitale) \u00e8 una credenziale unica e personale che consente ai cittadini italiani di essere riconosciuti dalle pubbliche amministrazioni locali e centrali, e di utilizzare in maniera personalizzata e sicura i servizi digitali. Questi servizi digitali sono offerti dalle pubbliche amministrazioni italiane, ma anche dagli altri stati membri dell\u2019Unione Europea, e da quelle imprese o commercianti che hanno scelto SPID come strumento di identificazione.<\/p>\n<p>SPID facilita quindi la fruizione dei servizi online, semplifica il rapporto dei cittadini con gli uffici pubblici e migliora l\u2019esperienza dell\u2019utente con le imprese private.<\/p>\n<p>Un cittadino italiano potrebbe avere necessit\u00e0 di dotarsi di SPID per comunicare con la Pubblica Amministrazione, consultare documenti e pratiche, richiedere certificati e attestati, controllare la propria situazione contributiva e svolgere molte altre operazioni.<\/p>\n<p>SPID ha sostituito il sistema precedente per l\u2019accesso ai servizi Fisconline, pertanto questo Consolato non rilascia pi\u00f9 codici PIN.<\/p>\n<p><strong>Chi pu\u00f2 richiedere SPID: <\/strong>Tutti i cittadini italiani (anche quelli residenti all\u2019estero) in possesso di:<\/p>\n<ul>\n<li>documento di identit\u00e0 italiano (carta di identit\u00e0 elettronica, passaporto, patente) in corso di validit\u00e0;<\/li>\n<li>certificazione del codice fiscale (carta d\u2019identit\u00e0 elettronica, tessera sanitaria, tesserino del codice fiscale, certificato di attribuzione del codice fiscale);<\/li>\n<li>indirizzo email;<\/li>\n<li>numero di cellulare ad uso personale.<\/li>\n<\/ul>\n<p><strong>Come si richiede SPID:<\/strong> L\u2019interessato deve rivolgersi <strong>autonomamente<\/strong> ad uno dei gestori dell\u2019identit\u00e0 digitale riconosciuti da AgID per il riconoscimento personale. Gli interessati sono invitati a verificare quale gestore offra la procedura di riconoscimento pi\u00f9 adatta al proprio caso, poich\u00e9 queste possono variare.<\/p>\n<p>Per tutte le informazioni su come ottenere SPID se si \u00e8 residenti all\u2019estero si veda:<\/p>\n<p><a href=\"https:\/\/www.spid.gov.it\/cos-e-spid\/come-attivare-spid\/spid-per-i-cittadini-italiani-allestero\/\">https:\/\/www.spid.gov.it\/cos-e-spid\/come-attivare-spid\/spid-per-i-cittadini-italiani-allestero\/<\/a><\/p>\n","protected":false},"excerpt":{"rendered":"Cos\u2019\u00e8 SPID: SPID (Sistema Pubblico di Identit\u00e0 Digitale) \u00e8 una credenziale unica e personale che consente ai cittadini italiani di essere riconosciuti dalle pubbliche amministrazioni locali e centrali, e di utilizzare in maniera personalizzata e sicura i servizi digitali. Questi servizi digitali sono offerti dalle pubbliche amministrazioni italiane, ma anche dagli altri stati membri dell\u2019Unione [&hellip;]","protected":false},"author":10,"featured_media":0,"parent":59,"menu_order":16,"comment_status":"closed","ping_status":"closed","template":"","meta":{"footnotes":""},"class_list":["post-3658","page","type-page","status-publish","hentry"],"_links":{"self":[{"href":"https:\/\/consnizza.esteri.it\/it\/wp-json\/wp\/v2\/pages\/3658","targetHints":{"allow":["GET"]}}],"collection":[{"href":"https:\/\/consnizza.esteri.it\/it\/wp-json\/wp\/v2\/pages"}],"about":[{"href":"https:\/\/consnizza.esteri.it\/it\/wp-json\/wp\/v2\/types\/page"}],"author":[{"embeddable":true,"href":"https:\/\/consnizza.esteri.it\/it\/wp-json\/wp\/v2\/users\/10"}],"replies":[{"embeddable":true,"href":"https:\/\/consnizza.esteri.it\/it\/wp-json\/wp\/v2\/comments?post=3658"}],"version-history":[{"count":1,"href":"https:\/\/consnizza.esteri.it\/it\/wp-json\/wp\/v2\/pages\/3658\/revisions"}],"predecessor-version":[{"id":3661,"href":"https:\/\/consnizza.esteri.it\/it\/wp-json\/wp\/v2\/pages\/3658\/revisions\/3661"}],"up":[{"embeddable":true,"href":"https:\/\/consnizza.esteri.it\/it\/wp-json\/wp\/v2\/pages\/59"}],"wp:attachment":[{"href":"https:\/\/consnizza.esteri.it\/it\/wp-json\/wp\/v2\/media?parent=3658"}],"curies":[{"name":"wp","href":"https:\/\/api.w.org\/{rel}","templated":true}]}}