{"id":3879,"date":"2026-04-08T13:50:05","date_gmt":"2026-04-08T11:50:05","guid":{"rendered":"https:\/\/consnizza.esteri.it\/?page_id=3879"},"modified":"2026-04-08T16:41:50","modified_gmt":"2026-04-08T14:41:50","slug":"richiesta-di-trascrizione-matrimonio-unione-civile","status":"publish","type":"page","link":"https:\/\/consnizza.esteri.it\/it\/servizi-consolari-e-visti\/servizi-per-il-cittadino-italiano\/stato-civile\/matrimonio\/matrimonio-presso-un-comune-francese\/richiesta-di-trascrizione-matrimonio-unione-civile\/","title":{"rendered":"Richiesta di trascrizione matrimonio \/ unione civile"},"content":{"rendered":"<p><strong>Presentazione della richiesta di trascrizione del matrimonio\/ unione civile<\/strong><\/p>\n<p>La richiesta pu\u00f2 essere presentata direttamente al proprio Comune di iscrizione AIRE oppure a questo Consolato.<\/p>\n<p>La procedura \u00e9 interamente postale: la documentazione dovr\u00e0 essere spedita <strong>in originale<\/strong> per posta a questo Consolato Generale al seguente indirizzo:<\/p>\n<p><em>Consulat G\u00e9n\u00e9ral d&#8217;Italie \u00e0 Nice <\/em><\/p>\n<p><em>72 Boulevard Gambetta &#8211; 06000 &#8211; Nice<\/em><\/p>\n<p><strong>Documentazione da presentare <\/strong><\/p>\n<ul>\n<li>modulo di richiesta debitamente compilato e firmato <a href=\"https:\/\/consnizza.esteri.it\/wp-content\/uploads\/2026\/04\/RICHIESTA-trascrizione-matrimonio-.pdf\">(scaricabile qui)<\/a>;<\/li>\n<li>atto di matrimonio in formato plurilingue\u00a0<strong>IN ORIGINALE<\/strong> (le fotocopie non sono accettate);<\/li>\n<li>fotocopia dei documenti d\u2019identit\u00e0 degli sposi;<\/li>\n<li>giustificativo di domicilio recente.<\/li>\n<\/ul>\n<p><strong>IMPORTANTE<\/strong>: in caso di atti di matrimonio celebrati in altri\u00a0<strong>Paesi esteri, diversi dalla Francia<\/strong>, l\u2019interessato dovr\u00e0 provvedere alla legalizzazione (consolare o per apostille) sia dell\u2019atto originale di matrimonio sia della relativa traduzione in italiano. Per informazioni su necessit\u00e0 legalizzazione e\/o Apostille si consiglia di consultare il sito della Rappresentanza diplomatica\/consolare italiana competente per il Paese di emissione del documento.<\/p>\n<p>Per ogni eventuale diversa esigenza potete contattare l\u2019ufficio di stato civile via email all\u2019indirizzo <a href=\"mailto:statocivile.nizza@esteri.it\">statocivile.nizza@esteri.it<\/a><\/p>\n","protected":false},"excerpt":{"rendered":"Presentazione della richiesta di trascrizione del matrimonio\/ unione civile La richiesta pu\u00f2 essere presentata direttamente al proprio Comune di iscrizione AIRE oppure a questo Consolato. La procedura \u00e9 interamente postale: la documentazione dovr\u00e0 essere spedita in originale per posta a questo Consolato Generale al seguente indirizzo: Consulat G\u00e9n\u00e9ral d&#8217;Italie \u00e0 Nice 72 Boulevard Gambetta &#8211; [&hellip;]","protected":false},"author":10,"featured_media":0,"parent":401,"menu_order":0,"comment_status":"closed","ping_status":"closed","template":"","meta":{"footnotes":""},"class_list":["post-3879","page","type-page","status-publish","hentry"],"_links":{"self":[{"href":"https:\/\/consnizza.esteri.it\/it\/wp-json\/wp\/v2\/pages\/3879","targetHints":{"allow":["GET"]}}],"collection":[{"href":"https:\/\/consnizza.esteri.it\/it\/wp-json\/wp\/v2\/pages"}],"about":[{"href":"https:\/\/consnizza.esteri.it\/it\/wp-json\/wp\/v2\/types\/page"}],"author":[{"embeddable":true,"href":"https:\/\/consnizza.esteri.it\/it\/wp-json\/wp\/v2\/users\/10"}],"replies":[{"embeddable":true,"href":"https:\/\/consnizza.esteri.it\/it\/wp-json\/wp\/v2\/comments?post=3879"}],"version-history":[{"count":2,"href":"https:\/\/consnizza.esteri.it\/it\/wp-json\/wp\/v2\/pages\/3879\/revisions"}],"predecessor-version":[{"id":3916,"href":"https:\/\/consnizza.esteri.it\/it\/wp-json\/wp\/v2\/pages\/3879\/revisions\/3916"}],"up":[{"embeddable":true,"href":"https:\/\/consnizza.esteri.it\/it\/wp-json\/wp\/v2\/pages\/401"}],"wp:attachment":[{"href":"https:\/\/consnizza.esteri.it\/it\/wp-json\/wp\/v2\/media?parent=3879"}],"curies":[{"name":"wp","href":"https:\/\/api.w.org\/{rel}","templated":true}]}}