{"id":3901,"date":"2026-04-08T14:59:25","date_gmt":"2026-04-08T12:59:25","guid":{"rendered":"https:\/\/consnizza.esteri.it\/?page_id=3901"},"modified":"2026-04-08T16:40:40","modified_gmt":"2026-04-08T14:40:40","slug":"registrare-una-nascita-in-italia-maggiorenni","status":"publish","type":"page","link":"https:\/\/consnizza.esteri.it\/it\/servizi-consolari-e-visti\/servizi-per-il-cittadino-italiano\/stato-civile\/registrare-una-nascita-in-italia-maggiorenni\/","title":{"rendered":"Registrare una nascita in Italia &#8211; maggiorenni"},"content":{"rendered":"<p><strong>Premessa<\/strong><\/p>\n<p data-start=\"263\" data-end=\"453\">La presente procedura riguarda <strong>esclusivamente cittadini gi\u00e0 in possesso della cittadinanza italiana<\/strong> il cui atto di nascita <strong data-start=\"375\" data-end=\"452\">non risulta trascritto nei registri di stato civile di un Comune italiano<\/strong>.<\/p>\n<p data-start=\"455\" data-end=\"600\">Si ricorda che il possesso (anche pregresso) di un passaporto o carta di identit\u00e0 italiani <strong data-start=\"526\" data-end=\"599\">non costituisce prova dell\u2019avvenuta trascrizione dell\u2019atto di nascita<\/strong>.<\/p>\n<p data-start=\"602\" data-end=\"770\">La trascrizione \u00e8 indispensabile affinch\u00e9 i dati anagrafici risultino correttamente registrati in Italia e per poter richiedere l&#8217;erogazione dei servizi consolari, incluso il rilascio dei documenti di identit\u00e0.<\/p>\n<p><strong>Richiesta di trascrizione<\/strong><\/p>\n<p data-start=\"1643\" data-end=\"1693\">L\u2019interessato deve inviare:<\/p>\n<ul data-start=\"1695\" data-end=\"2139\">\n<li data-section-id=\"rr9o96\" data-start=\"1695\" data-end=\"1769\">modulo di richiesta di trascrizione (debitamente compilato e firmato) <a href=\"https:\/\/consnizza.esteri.it\/wp-content\/uploads\/2026\/04\/MODULO-RICHIESTA-TRASCRIZIONE-NASCITA-MAGGIORENNI.pdf\">(scaricabile qui)<\/a>;<\/li>\n<li data-section-id=\"1pu8sdo\" data-start=\"1770\" data-end=\"1864\">certificato di nascita originale rilasciato dall\u2019autorit\u00e0 competente del Paese di nascita;<\/li>\n<li data-section-id=\"kstqq5\" data-start=\"1865\" data-end=\"1960\">legalizzazione del certificato (apostille o legalizzazione consolare, a seconda del Paese);<\/li>\n<li data-section-id=\"100dp6w\" data-start=\"1961\" data-end=\"2011\">traduzione in lingua italiana del certificato munita di eventuale apostille o legalizzazione consolare a seconda del Paese;<\/li>\n<li data-section-id=\"4hrvr7\" data-start=\"2012\" data-end=\"2088\">copia dei documenti di identit\u00e0 (italiani e, se disponibili, stranieri);<\/li>\n<\/ul>\n<p>La documentazione dovr\u00e0 essere trasmessa in originale per posta al Consolato all&#8217;indirizzo:<\/p>\n<p><em>Consulat G\u00e9n\u00e9ral d&#8217;Italie \u00e0 Nice<\/em><\/p>\n<p><em>72 Bd Gambetta &#8211; 06000 Nice<\/em><\/p>\n<p data-start=\"2141\" data-end=\"2152\"><strong data-start=\"2141\" data-end=\"2150\">Nota:<\/strong><\/p>\n<ul data-start=\"2153\" data-end=\"2354\">\n<li data-section-id=\"xh1ohe\" data-start=\"2153\" data-end=\"2261\">le modalit\u00e0 di legalizzazione variano in base all\u2019adesione del Paese alla Convenzione dell\u2019Aja del 1961;<\/li>\n<li data-section-id=\"5mrdcd\" data-start=\"2262\" data-end=\"2313\">i documenti devono essere inviati in originale;<\/li>\n<li data-section-id=\"rya68a\" data-start=\"2314\" data-end=\"2354\">gli originali depositati non verranno restituiti.<\/li>\n<\/ul>\n<p data-start=\"2399\" data-end=\"2601\">Il Consolato verifica la documentazione e accerta il possesso della cittadinanza italiana.<br data-start=\"2489\" data-end=\"2492\" \/>Una volta completata l\u2019istruttoria, l\u2019atto viene trasmesso al Comune italiano competente per la trascrizione.<\/p>\n<p>&nbsp;<\/p>\n","protected":false},"excerpt":{"rendered":"Premessa La presente procedura riguarda esclusivamente cittadini gi\u00e0 in possesso della cittadinanza italiana il cui atto di nascita non risulta trascritto nei registri di stato civile di un Comune italiano. Si ricorda che il possesso (anche pregresso) di un passaporto o carta di identit\u00e0 italiani non costituisce prova dell\u2019avvenuta trascrizione dell\u2019atto di nascita. La trascrizione [&hellip;]","protected":false},"author":10,"featured_media":0,"parent":86,"menu_order":1,"comment_status":"closed","ping_status":"closed","template":"","meta":{"footnotes":""},"class_list":["post-3901","page","type-page","status-publish","hentry"],"_links":{"self":[{"href":"https:\/\/consnizza.esteri.it\/it\/wp-json\/wp\/v2\/pages\/3901","targetHints":{"allow":["GET"]}}],"collection":[{"href":"https:\/\/consnizza.esteri.it\/it\/wp-json\/wp\/v2\/pages"}],"about":[{"href":"https:\/\/consnizza.esteri.it\/it\/wp-json\/wp\/v2\/types\/page"}],"author":[{"embeddable":true,"href":"https:\/\/consnizza.esteri.it\/it\/wp-json\/wp\/v2\/users\/10"}],"replies":[{"embeddable":true,"href":"https:\/\/consnizza.esteri.it\/it\/wp-json\/wp\/v2\/comments?post=3901"}],"version-history":[{"count":2,"href":"https:\/\/consnizza.esteri.it\/it\/wp-json\/wp\/v2\/pages\/3901\/revisions"}],"predecessor-version":[{"id":3912,"href":"https:\/\/consnizza.esteri.it\/it\/wp-json\/wp\/v2\/pages\/3901\/revisions\/3912"}],"up":[{"embeddable":true,"href":"https:\/\/consnizza.esteri.it\/it\/wp-json\/wp\/v2\/pages\/86"}],"wp:attachment":[{"href":"https:\/\/consnizza.esteri.it\/it\/wp-json\/wp\/v2\/media?parent=3901"}],"curies":[{"name":"wp","href":"https:\/\/api.w.org\/{rel}","templated":true}]}}