{"id":472,"date":"2023-08-23T13:23:26","date_gmt":"2023-08-23T11:23:26","guid":{"rendered":"https:\/\/consnizza.esteri.it\/?page_id=472"},"modified":"2026-04-08T14:16:29","modified_gmt":"2026-04-08T12:16:29","slug":"patto-civile-di-solidarieta-pacs","status":"publish","type":"page","link":"https:\/\/consnizza.esteri.it\/it\/servizi-consolari-e-visti\/servizi-per-il-cittadino-italiano\/stato-civile\/patto-civile-di-solidarieta-pacs\/","title":{"rendered":"Patto Civile di Solidariet\u00e0 (PACS)"},"content":{"rendered":"<p>Il PACS (<em>Pacte Civil de Solidarit\u00e9<\/em>) \u00e8 un istituto valido in Francia ma non \u00e8 riconosciuto dall&#8217;ordinamento giuridico italiano. Pertanto, esso non incide sullo stato civile dei sottoscrittori e non \u00e8 soggetto a trascrizione nei registri dello stato civile italiano.<\/p>\n<p>Si consiglia ai\u00a0 cittadini italiani, residenti in Francia, che desiderino sottoscrivere un PACS di prendere contatto prioritariamente con la Mairie francese per verificare le condizioni e i documenti richiesti.<\/p>\n<p>Di norma, i documenti richiesti dalla <span style=\"text-decoration: underline;\">Mairie<\/span> per contrarre PACS in Francia sono:<\/p>\n<ul>\n<li>il <em>certificat de coutume<\/em> e il <em>certificat de c\u00e9libat<\/em> (o <em>certificat de non remariage<\/em>, per le persone divorziate; o <em>certificat de veuvage<\/em> per le persone vedove) :\u00a0<a href=\"https:\/\/consnizza.esteri.it\/it\/servizi-consolari-e-visti\/servizi-per-il-cittadino-italiano\/stato-civile\/richiesta-certificat-de-coutume-celibat-non-remariage\/\">consulta qui la procedura di rilascio<\/a>;<\/li>\n<li>un estratto di nascita su formulario plurilingue, con eventuali annotazioni, da richiedere direttamente al comune di nascita (N.B. il Consolato non rilascia atti di nascita);<\/li>\n<li>il <em>certificat de non-PACS<\/em>, da richiedere <em>online<\/em> sul sito francese dedicato.<\/li>\n<\/ul>\n<p>&nbsp;<\/p>\n","protected":false},"excerpt":{"rendered":"Il PACS (Pacte Civil de Solidarit\u00e9) \u00e8 un istituto valido in Francia ma non \u00e8 riconosciuto dall&#8217;ordinamento giuridico italiano. Pertanto, esso non incide sullo stato civile dei sottoscrittori e non \u00e8 soggetto a trascrizione nei registri dello stato civile italiano. Si consiglia ai\u00a0 cittadini italiani, residenti in Francia, che desiderino sottoscrivere un PACS di prendere [&hellip;]","protected":false},"author":3,"featured_media":0,"parent":86,"menu_order":3,"comment_status":"closed","ping_status":"closed","template":"","meta":{"footnotes":""},"class_list":["post-472","page","type-page","status-publish","hentry"],"_links":{"self":[{"href":"https:\/\/consnizza.esteri.it\/it\/wp-json\/wp\/v2\/pages\/472","targetHints":{"allow":["GET"]}}],"collection":[{"href":"https:\/\/consnizza.esteri.it\/it\/wp-json\/wp\/v2\/pages"}],"about":[{"href":"https:\/\/consnizza.esteri.it\/it\/wp-json\/wp\/v2\/types\/page"}],"author":[{"embeddable":true,"href":"https:\/\/consnizza.esteri.it\/it\/wp-json\/wp\/v2\/users\/3"}],"replies":[{"embeddable":true,"href":"https:\/\/consnizza.esteri.it\/it\/wp-json\/wp\/v2\/comments?post=472"}],"version-history":[{"count":3,"href":"https:\/\/consnizza.esteri.it\/it\/wp-json\/wp\/v2\/pages\/472\/revisions"}],"predecessor-version":[{"id":3888,"href":"https:\/\/consnizza.esteri.it\/it\/wp-json\/wp\/v2\/pages\/472\/revisions\/3888"}],"up":[{"embeddable":true,"href":"https:\/\/consnizza.esteri.it\/it\/wp-json\/wp\/v2\/pages\/86"}],"wp:attachment":[{"href":"https:\/\/consnizza.esteri.it\/it\/wp-json\/wp\/v2\/media?parent=472"}],"curies":[{"name":"wp","href":"https:\/\/api.w.org\/{rel}","templated":true}]}}