{"id":485,"date":"2023-08-23T14:36:55","date_gmt":"2023-08-23T12:36:55","guid":{"rendered":"https:\/\/consnizza.esteri.it\/?page_id=485"},"modified":"2023-09-01T17:02:10","modified_gmt":"2023-09-01T15:02:10","slug":"acquisto-cittadinanza-per-matrimonio","status":"publish","type":"page","link":"https:\/\/consnizza.esteri.it\/it\/servizi-consolari-e-visti\/servizi-per-il-cittadino-straniero\/cittadinanza-2\/acquisto-cittadinanza-per-matrimonio\/","title":{"rendered":"MATRIMONIO\/UNIONE CIVILE \u2013 Come trasferire la domanda"},"content":{"rendered":"<p><strong>TRASFERIMENTO DELL\u2019ISTANZA DI CITTADINANZA PER MATRIMONIO\/UNIONE CIVILE PRESENTATA IN ITALIA O PRESSO UN ALTRO CONSOLATO ALL&#8217;ESTERO <\/strong><\/p>\n<p>In caso di domanda di cittadinanza per matrimonio\/unione civile gi\u00e0 presentata in Italia (Prefettura italiana) o presso un altro Consolato all&#8217;estero e di successivo trasferimento nella circoscrizione consolare di Nizza, occorre seguire le indicazioni specificate qui di seguito:<\/p>\n<ol>\n<li>farsi registrare presso il Consolato insieme al coniuge italiano;<\/li>\n<li>verificare presso il Comune di ultima residenza in Italia che il coniuge italiano sia effettivamente iscritto all&#8217;A.I.R.E. (Anagrafe degli Italiani Residenti all\u2019Estero) e che il coniuge straniero sia stato cancellato dal Registro della popolazione residente in quel Comune. A tale proposito, si ricorda che il coniuge italiano deve obbligatoriamente completare le formalit\u00e0 di iscrizione all&#8217;A.I.R.E. presso il Consolato italiano competente territorialmente. (Vedi informazioni utili nella sezione &#8220;Anagrafe&#8221;);<\/li>\n<li>inviare una comunicazione scritta alla Prefettura o al Consolato italiano presso cui l\u2019interessato aveva presentato l\u2019istanza di cittadinanza italiana per matrimonio\/unione civile per richiedere formalmente il trasferimento dell\u2019istanza verso il Consolato Generale d&#8217;Italia a Nizza. Nella richiesta scritta dovr\u00e0 specificare il suo nuovo indirizzo in Francia, allegando la conferma di iscrizione A.I.R.E. del coniuge italiano, da richiedere direttamente al Comune italiano di ultima residenza e non a questo Consolato.<\/li>\n<\/ol>\n<p>La Prefettura italiana, o il Consolato competente, trasferir\u00e0 quindi telematicamente la competenza dell\u2019istanza in corso a questo Consolato Generale e provveder\u00e0 all\u2019invio postale dei documenti originali eventualmente in suo possesso.<\/p>\n<p>Si precisa inoltre, che con il trasferimento telematico ad una qualunque Sede consolare all&#8217;estero, la Prefettura italiana perde la competenza dell&#8217;istanza che passa quindi al Ministero dell&#8217;Interno per il tramite del Consolato. L&#8217;iter burocratico prevede allora una nuova verifica della documentazione inserita on-line da parte del Consolato, anche nel caso in cui la verifica sia gi\u00e0 stata effettuata dalla Prefettura o da un altro Consolato. Alcuni nuovi documenti saranno quindi necessari (ad esempio il permesso di soggiorno del Paese estero in cui il richiedente si \u00e8 trasferito ed il certificato penale di questo Paese). L&#8217;elenco dei documenti da produrre e la modalit\u00e0 di integrazione documentale saranno dettagliati in una specifica comunicazione inviata dal Consolato non appena avr\u00e0 riesaminato l\u2019istanza. Questa comunicazione viene inviata nella sezione privata dell\u2019apposito portale ALI e con e-mail all\u2019indirizzo inserito dal richiedente al momento della presentazione della domanda on-line oltre a quello eventualmente fornito al Consolato dal coniuge italiano al momento della sua richiesta di iscrizione all&#8217;A.I.R.E.<\/p>\n<p>L&#8217;emissione del Decreto di conferimento (o di eventuale reiezione) spetta a Ministero dell\u2019Interno e il suo iter burocratico non supera comunque i 48 mesi previsti dalla legge, a condizione che l&#8217;interessato provveda in tempi brevi (30 giorni) a dare seguito alla richiesta del Consolato.<\/p>\n<p><strong>ATTENZIONE: non \u00e8 possibile chiedere il trasferimento di istanze di cittadinanza presentate in virt\u00f9 dell\u2019art. 9 L. 91\/1992 (ossia per residenza in Italia) per le quali \u00e8 indispensabile mantenere la residenza in Italia fino alla conclusione della procedura. <\/strong><\/p>\n<p><strong>\u00a0<\/strong><\/p>\n<p><strong>TRASFERIMENTO VERSO L\u2019ITALIA O VERSO UN ALTRO CONSOLATO DI ISTANZA DI CITTADINANZA PER MATRIMONIO\/UNIONE CIVILE PRESENTATA A NIZZA <\/strong><\/p>\n<p>Nel caso di cambio di residenza dalla circoscrizione di NIzza verso un\u2019altra circoscrizione in Francia o altra destinazione all\u2019estero, o di rimpatrio in Italia, l\u2019interessato dovr\u00e0:<\/p>\n<ol>\n<li>farsi registrare presso il nuovo Consolato o il Comune italiano competente insieme al coniuge italiano;<\/li>\n<li>inviare una specifica richiesta scritta a questo Consolato Generale, all\u2019attenzione dell\u2019Ufficio Cittadinanza, precisando il nuovo indirizzo postale e indirizzo e-mail. Non appena verificata la cancellazione dall\u2019ufficio anagrafe di questo Consolato Generale, l\u2019Ufficio cittadinanza proceder\u00e0 al trasferimento telematico dell\u2019istanza alla nuova Sede competente e, ove necessario, all\u2019invio postale della documentazione originale eventualmente in nostro possesso.<\/li>\n<\/ol>\n","protected":false},"excerpt":{"rendered":"TRASFERIMENTO DELL\u2019ISTANZA DI CITTADINANZA PER MATRIMONIO\/UNIONE CIVILE PRESENTATA IN ITALIA O PRESSO UN ALTRO CONSOLATO ALL&#8217;ESTERO In caso di domanda di cittadinanza per matrimonio\/unione civile gi\u00e0 presentata in Italia (Prefettura italiana) o presso un altro Consolato all&#8217;estero e di successivo trasferimento nella circoscrizione consolare di Nizza, occorre seguire le indicazioni specificate qui di seguito: farsi [&hellip;]","protected":false},"author":3,"featured_media":0,"parent":477,"menu_order":4,"comment_status":"closed","ping_status":"closed","template":"","meta":{"footnotes":""},"class_list":["post-485","page","type-page","status-publish","hentry"],"_links":{"self":[{"href":"https:\/\/consnizza.esteri.it\/it\/wp-json\/wp\/v2\/pages\/485","targetHints":{"allow":["GET"]}}],"collection":[{"href":"https:\/\/consnizza.esteri.it\/it\/wp-json\/wp\/v2\/pages"}],"about":[{"href":"https:\/\/consnizza.esteri.it\/it\/wp-json\/wp\/v2\/types\/page"}],"author":[{"embeddable":true,"href":"https:\/\/consnizza.esteri.it\/it\/wp-json\/wp\/v2\/users\/3"}],"replies":[{"embeddable":true,"href":"https:\/\/consnizza.esteri.it\/it\/wp-json\/wp\/v2\/comments?post=485"}],"version-history":[{"count":3,"href":"https:\/\/consnizza.esteri.it\/it\/wp-json\/wp\/v2\/pages\/485\/revisions"}],"predecessor-version":[{"id":697,"href":"https:\/\/consnizza.esteri.it\/it\/wp-json\/wp\/v2\/pages\/485\/revisions\/697"}],"up":[{"embeddable":true,"href":"https:\/\/consnizza.esteri.it\/it\/wp-json\/wp\/v2\/pages\/477"}],"wp:attachment":[{"href":"https:\/\/consnizza.esteri.it\/it\/wp-json\/wp\/v2\/media?parent=485"}],"curies":[{"name":"wp","href":"https:\/\/api.w.org\/{rel}","templated":true}]}}