{"id":503,"date":"2023-08-23T15:13:07","date_gmt":"2023-08-23T13:13:07","guid":{"rendered":"https:\/\/consnizza.esteri.it\/?page_id=503"},"modified":"2023-08-23T15:13:07","modified_gmt":"2023-08-23T13:13:07","slug":"assistenza-nella-ricerca-dei-connazionali","status":"publish","type":"page","link":"https:\/\/consnizza.esteri.it\/it\/servizi-consolari-e-visti\/servizi-per-il-cittadino-italiano\/assistenza-ai-cittadini-allestero\/assistenza-nella-ricerca-dei-connazionali\/","title":{"rendered":"Assistenza nella ricerca dei connazionali"},"content":{"rendered":"<div>\n<p><span id=\"HtmPhCtrl_Title\" class=\"GenericTemplateTitleNew\"><strong>Ricerca di connazionali<\/strong> <\/span><\/p>\n<div id=\"divImgApprofLink\">\n<div id=\"HtmPhDefCtrl_Link3\">Informazioni riguardanti cittadini italiani presenti nella circoscrizione consolare possono essere fornite nel rispetto della <strong>normativa vigente in materia di protezione dei dati personali, che impone nella maggior parte dei casi l\u2019assenso della persona<\/strong> <strong>cercata<\/strong>.<\/div>\n<div id=\"HtmPhDefCtrl_Link1\" class=\"mae_link\" title=\"Approfondimenti\">\n<p>Gli Uffici consolari effettuano, nei limiti degli strumenti ammessi dalla legislazione locale e di quanto sopra specificato, ricerche per le quali il richiedente abbia dimostrato un interesse legittimo.<br \/>\nLe richieste vanno indirizzate direttamente all\u2019Ufficio consolare competente mediante istanza autografa (in carta semplice) motivata, allegando la copia di un valido documento d\u2019identit\u00e0 del richiedente. In caso di scomparsa, dovr\u00e0 essere presentata altres\u00ec una copia della relativa denuncia resa davanti ai competenti organi di polizia.<\/p>\n<\/div>\n<\/div>\n<div id=\"divTestoPagina\">\n<div id=\"HtmPhCtrl_Content\" class=\"GenericTemplateText\">\n<p>Solo nel caso in cui non si conosca l\u2019Ufficio consolare competente, le richieste potranno essere indirizzate all\u2019Ufficio IV\u00b0 della Direzione Generale per gli Italiani all\u2019Estero e le Politiche Migratorie ai seguenti recapiti: tel. 0039 &#8211; 06-3691.2907 \u2013 <a href=\"mailto:dgit4@esteri.it\">dgit4@esteri.it<\/a>.<\/p>\n<\/div>\n<\/div>\n<\/div>\n","protected":false},"excerpt":{"rendered":"Ricerca di connazionali Informazioni riguardanti cittadini italiani presenti nella circoscrizione consolare possono essere fornite nel rispetto della normativa vigente in materia di protezione dei dati personali, che impone nella maggior parte dei casi l\u2019assenso della persona cercata. Gli Uffici consolari effettuano, nei limiti degli strumenti ammessi dalla legislazione locale e di quanto sopra specificato, ricerche [&hellip;]","protected":false},"author":3,"featured_media":0,"parent":87,"menu_order":10,"comment_status":"closed","ping_status":"closed","template":"","meta":{"footnotes":""},"class_list":["post-503","page","type-page","status-publish","hentry"],"_links":{"self":[{"href":"https:\/\/consnizza.esteri.it\/it\/wp-json\/wp\/v2\/pages\/503","targetHints":{"allow":["GET"]}}],"collection":[{"href":"https:\/\/consnizza.esteri.it\/it\/wp-json\/wp\/v2\/pages"}],"about":[{"href":"https:\/\/consnizza.esteri.it\/it\/wp-json\/wp\/v2\/types\/page"}],"author":[{"embeddable":true,"href":"https:\/\/consnizza.esteri.it\/it\/wp-json\/wp\/v2\/users\/3"}],"replies":[{"embeddable":true,"href":"https:\/\/consnizza.esteri.it\/it\/wp-json\/wp\/v2\/comments?post=503"}],"version-history":[{"count":1,"href":"https:\/\/consnizza.esteri.it\/it\/wp-json\/wp\/v2\/pages\/503\/revisions"}],"predecessor-version":[{"id":504,"href":"https:\/\/consnizza.esteri.it\/it\/wp-json\/wp\/v2\/pages\/503\/revisions\/504"}],"up":[{"embeddable":true,"href":"https:\/\/consnizza.esteri.it\/it\/wp-json\/wp\/v2\/pages\/87"}],"wp:attachment":[{"href":"https:\/\/consnizza.esteri.it\/it\/wp-json\/wp\/v2\/media?parent=503"}],"curies":[{"name":"wp","href":"https:\/\/api.w.org\/{rel}","templated":true}]}}