{"id":508,"date":"2023-08-23T15:17:50","date_gmt":"2023-08-23T13:17:50","guid":{"rendered":"https:\/\/consnizza.esteri.it\/?page_id=508"},"modified":"2023-08-23T15:17:50","modified_gmt":"2023-08-23T13:17:50","slug":"rimpatrio-salme","status":"publish","type":"page","link":"https:\/\/consnizza.esteri.it\/it\/servizi-consolari-e-visti\/servizi-per-il-cittadino-italiano\/assistenza-ai-cittadini-allestero\/rimpatrio-salme\/","title":{"rendered":"Rimpatrio salme"},"content":{"rendered":"<p>In caso di decesso di cittadini italiani , le procedure di rimpatrio delle salme sono effettuate direttamente dalle Societ\u00e0 di Pompe Funebri che svolgono tutte le formalit\u00e0 inerenti il trasporto dalla Francia in Italia.<\/p>\n<p>Al Consolato deve essere trasmesso l\u2019atto di morte, redatto su formulario plurilingue dalla Mairie francese, per la successiva trascrizione al Comune italiano.<\/p>\n<p>Nel caso di rimpatiro della salma in Italia e qualora sia previsto dalla normativa regionale italiana, il familiare che ha sostenuto le spese funebri puo\u2019 chiedere un rimborso al comune italiano d\u2019origine.<br \/>\nSu presentazione della fattura della Societ\u00e0 di Pompe Funebri e di un documento di identit\u00e0 del richiedente, il Consolato potr\u00e0 rilasciare una dichiarazione attestante i costi di trasporto sostenuti, ma non pu\u00f2 assumere oneri finanziari connessi al rimpatrio della salma o alla sepoltura in loco, salvo casi di comprovata indigenza.<\/p>\n","protected":false},"excerpt":{"rendered":"In caso di decesso di cittadini italiani , le procedure di rimpatrio delle salme sono effettuate direttamente dalle Societ\u00e0 di Pompe Funebri che svolgono tutte le formalit\u00e0 inerenti il trasporto dalla Francia in Italia. Al Consolato deve essere trasmesso l\u2019atto di morte, redatto su formulario plurilingue dalla Mairie francese, per la successiva trascrizione al Comune [&hellip;]","protected":false},"author":3,"featured_media":0,"parent":87,"menu_order":14,"comment_status":"closed","ping_status":"closed","template":"","meta":{"footnotes":""},"class_list":["post-508","page","type-page","status-publish","hentry"],"_links":{"self":[{"href":"https:\/\/consnizza.esteri.it\/it\/wp-json\/wp\/v2\/pages\/508","targetHints":{"allow":["GET"]}}],"collection":[{"href":"https:\/\/consnizza.esteri.it\/it\/wp-json\/wp\/v2\/pages"}],"about":[{"href":"https:\/\/consnizza.esteri.it\/it\/wp-json\/wp\/v2\/types\/page"}],"author":[{"embeddable":true,"href":"https:\/\/consnizza.esteri.it\/it\/wp-json\/wp\/v2\/users\/3"}],"replies":[{"embeddable":true,"href":"https:\/\/consnizza.esteri.it\/it\/wp-json\/wp\/v2\/comments?post=508"}],"version-history":[{"count":1,"href":"https:\/\/consnizza.esteri.it\/it\/wp-json\/wp\/v2\/pages\/508\/revisions"}],"predecessor-version":[{"id":509,"href":"https:\/\/consnizza.esteri.it\/it\/wp-json\/wp\/v2\/pages\/508\/revisions\/509"}],"up":[{"embeddable":true,"href":"https:\/\/consnizza.esteri.it\/it\/wp-json\/wp\/v2\/pages\/87"}],"wp:attachment":[{"href":"https:\/\/consnizza.esteri.it\/it\/wp-json\/wp\/v2\/media?parent=508"}],"curies":[{"name":"wp","href":"https:\/\/api.w.org\/{rel}","templated":true}]}}