{"id":616,"date":"2023-08-24T15:27:15","date_gmt":"2023-08-24T13:27:15","guid":{"rendered":"https:\/\/consnizza.esteri.it\/?page_id=616"},"modified":"2025-02-28T15:18:20","modified_gmt":"2025-02-28T13:18:20","slug":"dichiarazioni-di-valore","status":"publish","type":"page","link":"https:\/\/consnizza.esteri.it\/it\/servizi-consolari-e-visti\/servizi-per-il-cittadino-italiano\/dichiarazioni-di-valore\/","title":{"rendered":"Dichiarazioni di valore"},"content":{"rendered":"<p><strong>Cos&#8217;\u00e8 la dichiarazione di valore?<\/strong><\/p>\n<p>La dichiarazione di valore \u00e8 l&#8217;attestazione da parte del Consolato del livello di studi raggiunto dall&#8217;allievo nell&#8217;ambito dell&#8217;istituzione scolastica del Paese straniero.<br \/>\nTale certificazione viene prodotta esclusivamente su diplomi emanati dal Ministero della Pubblica Istruzione francese.<br \/>\nQuesto Consolato \u00e8 competente per titoli di studio rilasciati dall&#8217;Accademia di Nizza la cui competenza si estende al dipartimento del VAR.<\/p>\n<p><strong>Chi deve richiedere la dichiarazione di valore?<\/strong><\/p>\n<p>Tutti coloro che intendono ottenere, in Italia, il riconoscimento scolastico, accademico o professionale dei certificati di studio e dei diplomi francesi conseguiti in questa Circoscrizione consolare.<\/p>\n<p><strong>Documenti richiesti per il rilascio della dichiarazione di valore<\/strong><\/p>\n<ul>\n<li><a href=\"https:\/\/consnizza.esteri.it\/wp-content\/uploads\/2025\/01\/DOMANDA.doc\"><strong>Modulo<\/strong><\/a>\u00a0di richiesta di rilascio della dichiarazione di valore;<\/li>\n<li>Diploma in originale (<strong>o copia certificata conforme all\u2019originale<\/strong>);<\/li>\n<li>Relev\u00e9 des Notes (solo per studenti in attesa del diploma originale di Baccalaureat);<\/li>\n<li>Traduzione in lingua italiana del titolo di studio eseguita da un traduttore ufficiale giurato (se in Francia la lista dei nominativi \u00e8 disponibile presso le &#8220;Mairies&#8221;, se in Italia, al Tribunale di zona);<\/li>\n<li>Fotocopia di un documento di riconoscimento.<\/li>\n<li>Autorizzazione <strong>(unicamente per i diplomi fino alla scuola media superiore)<\/strong> redatta in lingua francese che autorizza questo Consolato Generale a richiedere le informazioni relative ai titoli di studio (<a href=\"https:\/\/consnizza.esteri.it\/wp-content\/uploads\/2023\/08\/autorisation.docx\">modello da scaricare<\/a>)<\/li>\n<li>Certificato (<strong>per tutti i diplomi universitari<\/strong>) si ottiene via il sito: <a href=\"https:\/\/verifdiploma.com\/notre-produit\/\">https:\/\/www.verifdiploma.com\/<\/a><\/li>\n<\/ul>\n<p>Il rilascio della dichiarazione di valore \u00e8 gratuito per motivi di studio e per fini di previdenza e assistenza sociale.<br \/>\nPer altri usi (lavoro, concorso, ecc.), la dichiarazione \u00e8 a pagamento. L\u2019importo \u00e8 di 50 \u20ac per ogni dichiarazione di valore richiesta. Tale pagamento potr\u00e0 essere effettuato tramite bonifico bancario intestato al Consolato Generale d\u2019Italia (contattare l&#8217;ufficio competente per le coordinate bancarie).<\/p>\n<p><strong>Iscrizioni Universitarie<\/strong><\/p>\n<p>Le iscrizioni alle Universit\u00e0 italiane sono effettuate direttamente dallo studente; esso dovr\u00e0 presentare alla Segreteria dell&#8217;Universit\u00e0 la dichiarazione di valore relativa al Baccalaureat rilasciata dal Consolato d&#8217;Italia.<br \/>\nIn generale il Baccalaureat \u00e8 considerato equipollente al Diploma di Esame di Stato (ex Maturit\u00e0) italiano.<\/p>\n<p>Per informazioni sulla didattica e sulla logistica di ogni Universit\u00e0 italiana, si suggerisce di consultare il sito web del\u00a0<a title=\"Vai al sito web del MIUR\" href=\"http:\/\/www.miur.it\/\"><strong>Ministero dell&#8217;Istruzione, dell&#8217;Universit\u00e0 e della Ricerca<\/strong><\/a>.<\/p>\n<p>&nbsp;<\/p>\n<p><strong>Nota bene<\/strong>: per il rilascio di dichiarazioni di valore di titoli di studio conseguiti in Italia rivolgersi al Consolato di Francia in Italia competente per territorio.<\/p>\n<p><a href=\"https:\/\/it.ambafrance.org\/Mappa-delle-circoscrizioni-consolari\">COLLEGAMENTO ALLA RETE CONSOLARE FRANCESE IN ITALIA<\/a><\/p>\n<p>&nbsp;<\/p>\n<p><strong>Per informazioni:<br \/>\n<\/strong>Tel: +33 (0)4 92 14\u00a041 11<br \/>\nE-mail:\u00a0<a href=\"mailto:segreteria.nizza@esteri.it\">segreteria.nizza@esteri.it<\/a><\/p>\n<p>&nbsp;<\/p>\n","protected":false},"excerpt":{"rendered":"Cos&#8217;\u00e8 la dichiarazione di valore? La dichiarazione di valore \u00e8 l&#8217;attestazione da parte del Consolato del livello di studi raggiunto dall&#8217;allievo nell&#8217;ambito dell&#8217;istituzione scolastica del Paese straniero. Tale certificazione viene prodotta esclusivamente su diplomi emanati dal Ministero della Pubblica Istruzione francese. Questo Consolato \u00e8 competente per titoli di studio rilasciati dall&#8217;Accademia di Nizza la cui [&hellip;]","protected":false},"author":3,"featured_media":0,"parent":59,"menu_order":26,"comment_status":"closed","ping_status":"closed","template":"","meta":{"footnotes":""},"class_list":["post-616","page","type-page","status-publish","hentry"],"_links":{"self":[{"href":"https:\/\/consnizza.esteri.it\/it\/wp-json\/wp\/v2\/pages\/616","targetHints":{"allow":["GET"]}}],"collection":[{"href":"https:\/\/consnizza.esteri.it\/it\/wp-json\/wp\/v2\/pages"}],"about":[{"href":"https:\/\/consnizza.esteri.it\/it\/wp-json\/wp\/v2\/types\/page"}],"author":[{"embeddable":true,"href":"https:\/\/consnizza.esteri.it\/it\/wp-json\/wp\/v2\/users\/3"}],"replies":[{"embeddable":true,"href":"https:\/\/consnizza.esteri.it\/it\/wp-json\/wp\/v2\/comments?post=616"}],"version-history":[{"count":7,"href":"https:\/\/consnizza.esteri.it\/it\/wp-json\/wp\/v2\/pages\/616\/revisions"}],"predecessor-version":[{"id":2332,"href":"https:\/\/consnizza.esteri.it\/it\/wp-json\/wp\/v2\/pages\/616\/revisions\/2332"}],"up":[{"embeddable":true,"href":"https:\/\/consnizza.esteri.it\/it\/wp-json\/wp\/v2\/pages\/59"}],"wp:attachment":[{"href":"https:\/\/consnizza.esteri.it\/it\/wp-json\/wp\/v2\/media?parent=616"}],"curies":[{"name":"wp","href":"https:\/\/api.w.org\/{rel}","templated":true}]}}