{"id":66,"date":"2023-04-03T19:26:56","date_gmt":"2023-04-03T17:26:56","guid":{"rendered":"https:\/\/consolatozurigo.esteri.it\/?page_id=66"},"modified":"2025-03-19T14:47:51","modified_gmt":"2025-03-19T12:47:51","slug":"lingua-e-cultura-italiana","status":"publish","type":"page","link":"https:\/\/consnizza.esteri.it\/it\/italia-e-francia\/diplomazia-culturale\/lingua-e-cultura-italiana\/","title":{"rendered":"Scuola &#8211; Lingua &#8211; Cultura"},"content":{"rendered":"<p>L&#8217; Ufficio Scolastico del Consolato Generale d\u2019Italia a Nizza ha competenza di coordinamento didattico dell\u2019 insegnamento della lingua italiana attivato nelle scuole locali e nelle <a href=\"https:\/\/eduscol.education.fr\/687\/les-sections-internationales\">Sezioni Internazionali<\/a> delle scuole <em>primarie<\/em> (<a href=\"https:\/\/www.education.gouv.fr\/les-sections-internationales-l-ecole-primaire-12443\">\u00c9cole \u00e9l\u00e9mentaire<\/a>), <em>medie<\/em> (<a href=\"https:\/\/www.education.gouv.fr\/les-sections-internationales-au-college-5135\">Coll\u00e8ge<\/a>) e <em>superiori<\/em> (<a href=\"https:\/\/www.education.gouv.fr\/les-sections-internationales-au-lycee-2606\">Lyc\u00e9e<\/a>), secondo gli indirizzi del Console Generale e sulla base delle risorse umane e finanziarie attribuite annualmente dal Ministero degli Affari Esteri e della Cooperazione Internazionale.<\/p>\n<p>Al competente Ufficio del Consolato Generale d\u2019Italia a Nizza sono assegnati un Dirigente scolastico e un assistente amministrativo. Le funzioni del Dirigente scolastico sono estese alla Circoscrizione consolare di Marsiglia (comprendente la Corsica).<\/p>\n<p>La funzione di coordinamento delle attivit\u00e0 didattiche si svolge in stretta collaborazione con le autorit\u00e0 scolastiche locali di riferimento, le Acad\u00e9mies, ognuna delle quali ha competenza su pi\u00f9 dipartimenti territoriali francesi (<a href=\"https:\/\/consnizza.esteri.it\/wp-content\/uploads\/2023\/08\/1A-Academies_Dipartimenti_Consolati_Nizza_e_Marsiglia.pdf\">Lista delle Acad\u00e9mies e dei Dipartiment<\/a>i).<\/p>\n<p>All\u2019Ufficio scolastico presso il Consolato Generale d\u2019Italia a Nizza fanno riferimento i docenti ministeriali in servizio presso:<\/p>\n<ul>\n<li>le <em>Iniziative per la lingua e la cultura italiana all&#8217;estero<\/em> (art. 10, d.lgs. 64\/2017, gi\u00e0 \u201c<em>Corsi<\/em>\u201d) attivi nelle Scuole primarie delle Circoscrizioni consolari di Nizza e di Marsiglia.<\/li>\n<li>le Sezioni Italiane presso le Scuole primarie Garbejaire di Valbonne, Th\u00e9r\u00e8se Romeo di Nizza e La Pointe Rouge di Marsiglia.<\/li>\n<li>le Sezioni Italiane nelle Scuole secondarie di primo grado dei Coll\u00e8ges di Valbonne, Eganaude, Marseilleveyre (Marsiglia).<\/li>\n<li>le Sezioni Italiane nelle Scuole secondarie di secondo grado della Sezione Italiana del Centre International di Valbonne e di Marseilleveyre (Marsiglia).<\/li>\n<\/ul>\n<p>Inoltre, poich\u00e9 tutte le <em>Iniziative per la lingua e la cultura italiana all&#8217;estero <\/em>ex art. 10 del d.lgs. 64\/2017 (Corsi)<em>, <\/em>\u201c<em>possono essere realizzate da enti gestori non aventi fine di lucro attivi nella diffusione e promozione della lingua e della cultura italiana nel mondo, costituiti e organizzati secondo le forme giuridiche prescritte dalla normativa locale\u201d,<\/em> l\u2019Ufficio scolastico consolare coordina le attivit\u00e0 didattiche svolte direttamente dall\u2019Ente gestore\/promotore e coadiuva gli uffici consolari nella funzione di vigilanza e controllo.<\/p>\n<p>Nella Circoscrizione di Nizza, le <em>Iniziative (Corsi) <\/em>sono attualmente realizzate dall\u2019Ente gestore\/promotore Co.A.L.C.It. (Comitato per le Attivit\u00e0 Linguistiche e Culturali Italiane), associazione senza scopo di lucro regolata dalla legge francese 1901, con sede al n. 46 Bd. Stalingrad &#8211; 06300 Nice Nice, Tel.:+33 (0)4 93 87 63 55, email: <a href=\"mailto:coalcit@wanadoo.fr\">coalcit@wanadoo.fr<\/a>, sito <a href=\"http:\/\/www.coalcit.org\">www.coalcit.org<\/a>.<\/p>\n<p>L\u2019Ente gestore\/promotore Co.A.L.C.It., con i propri docenti, integra e completa l\u2019offerta formativa e le attivit\u00e0 didattiche di promozione della lingua e cultura italiane nella circoscrizione consolare di Nizza e attua progetti di approfondimento didattico e culturale quasi sempre inseriti nelle tradizionali rassegne ministeriali (es: Settimana della Lingua Italiana nel Mondo, Settimana della Cucina Italiana nel Mondo, ecc.).<\/p>\n<p>L\u2019ufficio scolastico svolge infine funzioni di consulenza tecnica per il rilascio delle <em>Dichiarazioni di Valore<\/em>, di orientamento in materia scolastica in Italia e in Francia e collabora nella realizzazione delle attivit\u00e0 e dei progetti culturali promossi dalla sede consolare.<\/p>\n<p>&nbsp;<\/p>\n<p><strong>Ufficio scolastico presso il Consolato Generale d\u2019Italia a Nizza<\/strong><\/p>\n<p>72 di Boulevard Gambetta, 06000, Nice.<\/p>\n<ul>\n<li>04 92 14 40 91.<\/li>\n<\/ul>\n<p>&nbsp;<\/p>\n<p>Dirigente scolastico: Dott.ssa Carmela Di Perna<\/p>\n<ul>\n<li>e-mail: <a href=\"mailto:scuola.nizza@esteri.it\">scuola.nizza@esteri.it<\/a>.<\/li>\n<\/ul>\n<p>Assistente amministrativo: Dott. Filippo Giannetto<\/p>\n<ul>\n<li>e-mail: <a href=\"mailto:scuola2.nizza@esteri.it\">scuola2.nizza@esteri.it<\/a> .<\/li>\n<\/ul>\n","protected":false},"excerpt":{"rendered":"L&#8217; Ufficio Scolastico del Consolato Generale d\u2019Italia a Nizza ha competenza di coordinamento didattico dell\u2019 insegnamento della lingua italiana attivato nelle scuole locali e nelle Sezioni Internazionali delle scuole primarie (\u00c9cole \u00e9l\u00e9mentaire), medie (Coll\u00e8ge) e superiori (Lyc\u00e9e), secondo gli indirizzi del Console Generale e sulla base delle risorse umane e finanziarie attribuite annualmente dal Ministero [&hellip;]","protected":false},"author":1,"featured_media":0,"parent":41,"menu_order":2,"comment_status":"closed","ping_status":"closed","template":"","meta":{"footnotes":""},"class_list":["post-66","page","type-page","status-publish","hentry"],"_links":{"self":[{"href":"https:\/\/consnizza.esteri.it\/it\/wp-json\/wp\/v2\/pages\/66","targetHints":{"allow":["GET"]}}],"collection":[{"href":"https:\/\/consnizza.esteri.it\/it\/wp-json\/wp\/v2\/pages"}],"about":[{"href":"https:\/\/consnizza.esteri.it\/it\/wp-json\/wp\/v2\/types\/page"}],"author":[{"embeddable":true,"href":"https:\/\/consnizza.esteri.it\/it\/wp-json\/wp\/v2\/users\/1"}],"replies":[{"embeddable":true,"href":"https:\/\/consnizza.esteri.it\/it\/wp-json\/wp\/v2\/comments?post=66"}],"version-history":[{"count":6,"href":"https:\/\/consnizza.esteri.it\/it\/wp-json\/wp\/v2\/pages\/66\/revisions"}],"predecessor-version":[{"id":2403,"href":"https:\/\/consnizza.esteri.it\/it\/wp-json\/wp\/v2\/pages\/66\/revisions\/2403"}],"up":[{"embeddable":true,"href":"https:\/\/consnizza.esteri.it\/it\/wp-json\/wp\/v2\/pages\/41"}],"wp:attachment":[{"href":"https:\/\/consnizza.esteri.it\/it\/wp-json\/wp\/v2\/media?parent=66"}],"curies":[{"name":"wp","href":"https:\/\/api.w.org\/{rel}","templated":true}]}}